{"id":1024,"date":"2023-10-04T14:15:53","date_gmt":"2023-10-04T17:15:53","guid":{"rendered":"https:\/\/institutogayatrispa.com.br\/loja\/produto\/canga-ganesha-2\/"},"modified":"2023-10-04T14:31:44","modified_gmt":"2023-10-04T17:31:44","slug":"canga-ganesha-2","status":"publish","type":"product","link":"https:\/\/institutogayatrispa.com.br\/loja\/produto\/canga-ganesha-2\/","title":{"rendered":"Canga Ganesha"},"content":{"rendered":"<p><span id=\"docs-internal-guid-fcf3ed39-7fff-2383-15bc-67130d97fb8a\"><span style=\"font-size: 12pt;font-family: Arial, sans-serif;color: #000000;background-color: transparent;vertical-align: baseline\">TAMB\u00c9M CONHECIDO COMO O \u201cDESTRUIDOR DOS OBST\u00c1CULOS\u201d (VINAYAKA), GANESHA \u00c9 CONSIDERADO O S\u00cdMBOLO M\u00c1XIMO DA CONSCI\u00caNCIA L\u00d3GICA. CANGA PARA PRAIA, PISCINA, CACHOEIRA, SA\u00cdDA DE PRAIA OU PIQUENIQUE! Linda Canga Ganesha, quadrada bem grandona, com 1,50 x 1,50 metros e acabamento em PomPom nas bordas! Estampa exclusiva cheia de cores e detalhes surpreendentes! O tecido apresenta uma superf\u00edcie com toque macio, refrescante, que n\u00e3o gruda areia e n\u00e3o amarrota! Medidas: 1,50 x 1,50mt Composi\u00e7\u00e3o: 100% Poli\u00e9ster Sobre o Ganesha Ganesha \u00e9 o deus do intelecto, da sabedoria e da fortuna para a tradi\u00e7\u00e3o religiosa do hindu\u00edsmo e v\u00e9dica. De acordo com a mitologia hindu, Ganesha \u00e9 o primeiro filho de Shiva e Parvati, e considerado um dos deuses mais importantes desta cultura. Caracteristicamente, Ganesha \u00e9 descrito com cabe\u00e7a de elefante e corpo de ser humano, com uma grande barriga, quatro bra\u00e7os, apenas uma presa e montado sobre um rato. Cada uma dessas caracter\u00edsticas possuem uma simbologia distinta, que analisa a partir da semi\u00f3tica da cultura hindu significa: Cabe\u00e7a de elefante: representa a grande sabedoria e intelecto; Grande barriga: simboliza a paci\u00eancia e a capacidade de digerir o bem e o mau ao longo da vida; \u00danica presa: Ganesha tem apenas uma das presas, pois a outra foi quebrada, Este s\u00edmbolo representa a ideia dos sacrif\u00edcios que devem ser feitos para se atingir a felicidade; Rato: este \u00e9 o meio de transporte do Ganesha (vahana), que tamb\u00e9m representa a sabedoria, talento e intelig\u00eancia, no sentido de investigar minuciosamente um assunto considerado dif\u00edcil. Tamb\u00e9m conhecido como o \u201cDestruidor dos Obst\u00e1culos\u201d (Vinayaka), Ganesha \u00e9 considerado o s\u00edmbolo m\u00e1ximo da consci\u00eancia l\u00f3gica. O seu mantra \u00e9 um dos mais populares na mitologia hindu, pois Ganesha \u00e9 descrito como o \u201csom primordial\u201d (Om), conhecido tamb\u00e9m como Omkara ou Aumkara. Por este motivo, o mantra Om Gam Ganapataye Namah (\u201ceu Te sa\u00fado, Senhor das tropas\u201d) \u00e9 um dos mais utilizados e conhecidos mundialmente. <\/span><\/span><\/p>\n","protected":false},"excerpt":{"rendered":"<p><span id=\"docs-internal-guid-89c174fb-7fff-1274-80a9-77f4591a1782\"><span style=\"font-size: 12pt;font-family: Arial, sans-serif;color: #000000;background-color: transparent;font-weight: bold;vertical-align: baseline\">TAMB\u00c9M CONHECIDO COMO O \u201cDESTRUIDOR DOS OBST\u00c1CULOS\u201d (VINAYAKA), GANESHA \u00c9 CONSIDERADO O S\u00cdMBOLO M\u00c1XIMO DA CONSCI\u00caNCIA L\u00d3GICA. CANGA PARA PRAIA, PISCINA, CACHOEIRA, SA\u00cdDA DE PRAIA OU PIQUENIQUE!<\/span><\/span><\/p>\n","protected":false},"featured_media":1031,"comment_status":"open","ping_status":"closed","template":"","meta":[],"product_cat":[17,22],"product_tag":[],"class_list":["post-1024","product","type-product","status-publish","has-post-thumbnail","hentry","product_cat-decor-home","product_cat-mantas"],"_links":{"self":[{"href":"https:\/\/institutogayatrispa.com.br\/loja\/wp-json\/wp\/v2\/product\/1024","targetHints":{"allow":["GET"]}}],"collection":[{"href":"https:\/\/institutogayatrispa.com.br\/loja\/wp-json\/wp\/v2\/product"}],"about":[{"href":"https:\/\/institutogayatrispa.com.br\/loja\/wp-json\/wp\/v2\/types\/product"}],"replies":[{"embeddable":true,"href":"https:\/\/institutogayatrispa.com.br\/loja\/wp-json\/wp\/v2\/comments?post=1024"}],"wp:featuredmedia":[{"embeddable":true,"href":"https:\/\/institutogayatrispa.com.br\/loja\/wp-json\/wp\/v2\/media\/1031"}],"wp:attachment":[{"href":"https:\/\/institutogayatrispa.com.br\/loja\/wp-json\/wp\/v2\/media?parent=1024"}],"wp:term":[{"taxonomy":"product_cat","embeddable":true,"href":"https:\/\/institutogayatrispa.com.br\/loja\/wp-json\/wp\/v2\/product_cat?post=1024"},{"taxonomy":"product_tag","embeddable":true,"href":"https:\/\/institutogayatrispa.com.br\/loja\/wp-json\/wp\/v2\/product_tag?post=1024"}],"curies":[{"name":"wp","href":"https:\/\/api.w.org\/{rel}","templated":true}]}}