{"id":1028,"date":"2023-10-04T14:16:04","date_gmt":"2023-10-04T17:16:04","guid":{"rendered":"https:\/\/institutogayatrispa.com.br\/loja\/produto\/mascara-de-shavasana-2\/"},"modified":"2023-10-04T14:31:44","modified_gmt":"2023-10-04T17:31:44","slug":"mascara-de-shavasana-2","status":"publish","type":"product","link":"https:\/\/institutogayatrispa.com.br\/loja\/produto\/mascara-de-shavasana-2\/","title":{"rendered":"M\u00e1scara de Shavasana"},"content":{"rendered":"<p><span id=\"docs-internal-guid-b30b4bc4-7fff-c734-47c9-7b65c142f6af\"><span style=\"font-size: 12pt;font-family: Arial, sans-serif;color: #000000;background-color: transparent;vertical-align: baseline\">PILLOW EYE COM ESTAMPAS SORTIDAS! Eu sou a sua nova amiga para o Grand Finale da sua pr\u00e1tica! Aquele important\u00edssimo momento de relaxamento, e\/ou transi\u00e7\u00e3o para a medita\u00e7\u00e3o! medita\u00e7\u00e3o, p\u00f3s pr\u00e1tica, soneca e relaxamento. Minhas estampas s\u00e3o sortidas, mas meu efeito \u00fanico! Saiba tudo sobre mim, minhas qualidades e propriedades: Sou feita com capa remov\u00edvel, e com el\u00e1stico para ficar coladinha em voc\u00ea! Minha bolsa interna \u00e9 composta de Erva-Doce e Camomila! Posso ser aquecida no microondas e resfriada no congelador, para diferentes aplica\u00e7\u00f5es! Para ativar ainda mais o meu aroma voc\u00ea pode me apertar! Com o passar do tempo, se diminuir o meu cheiro natural, voc\u00ea pode acrescentar algumas gotas de \u00f3leos essenciais na minha almofada interna, sempre que quiser! *Uma dica especial, meditar com os olhos vendado pode ser transformador! Aprendi isso com uma amiga querida! Experimente voc\u00ea tamb\u00e9m! Cuidados: Lavar somente a capa externa, removendo sempre a bolsa arom\u00e1tica interna. A minha bolsa interna, n\u00e3o pode molhar para proteger as ervas e gr\u00e3os internos! Tamanho: 7x15cm Composi\u00e7\u00e3o: Capa: 100% poli\u00e9ster Capa de enchimento: 100% Algod\u00e3o Recheio: Camomila e Erva-Doce!<\/span><\/span><\/p>\n","protected":false},"excerpt":{"rendered":"<p><span id=\"docs-internal-guid-00dbb0f8-7fff-d222-5815-ca995ddda0e5\"><span style=\"font-size: 12pt;font-family: Arial, sans-serif;color: #000000;background-color: transparent;font-weight: bold;vertical-align: baseline\">M\u00c1SCARA PARA A PR\u00c1TICA DE MEDITA\u00c7\u00c3O, P\u00d3S PR\u00c1TICA, SONECA E RELAXAMENTO.<\/span><\/span><\/p>\n","protected":false},"featured_media":1033,"comment_status":"open","ping_status":"closed","template":"","meta":[],"product_cat":[17,22],"product_tag":[],"class_list":["post-1028","product","type-product","status-publish","has-post-thumbnail","hentry","product_cat-decor-home","product_cat-mantas"],"_links":{"self":[{"href":"https:\/\/institutogayatrispa.com.br\/loja\/wp-json\/wp\/v2\/product\/1028","targetHints":{"allow":["GET"]}}],"collection":[{"href":"https:\/\/institutogayatrispa.com.br\/loja\/wp-json\/wp\/v2\/product"}],"about":[{"href":"https:\/\/institutogayatrispa.com.br\/loja\/wp-json\/wp\/v2\/types\/product"}],"replies":[{"embeddable":true,"href":"https:\/\/institutogayatrispa.com.br\/loja\/wp-json\/wp\/v2\/comments?post=1028"}],"wp:featuredmedia":[{"embeddable":true,"href":"https:\/\/institutogayatrispa.com.br\/loja\/wp-json\/wp\/v2\/media\/1033"}],"wp:attachment":[{"href":"https:\/\/institutogayatrispa.com.br\/loja\/wp-json\/wp\/v2\/media?parent=1028"}],"wp:term":[{"taxonomy":"product_cat","embeddable":true,"href":"https:\/\/institutogayatrispa.com.br\/loja\/wp-json\/wp\/v2\/product_cat?post=1028"},{"taxonomy":"product_tag","embeddable":true,"href":"https:\/\/institutogayatrispa.com.br\/loja\/wp-json\/wp\/v2\/product_tag?post=1028"}],"curies":[{"name":"wp","href":"https:\/\/api.w.org\/{rel}","templated":true}]}}