{"id":1030,"date":"2023-10-04T14:16:15","date_gmt":"2023-10-04T17:16:15","guid":{"rendered":"https:\/\/institutogayatrispa.com.br\/loja\/produto\/canga-elefante-tribal-2\/"},"modified":"2023-10-04T14:31:44","modified_gmt":"2023-10-04T17:31:44","slug":"canga-elefante-tribal-2","status":"publish","type":"product","link":"https:\/\/institutogayatrispa.com.br\/loja\/produto\/canga-elefante-tribal-2\/","title":{"rendered":"Canga Elefante Tribal"},"content":{"rendered":"<p><span id=\"docs-internal-guid-78c45714-7fff-a8b3-5b36-7ff5f1ec55e4\"><span style=\"font-size: 12pt;font-family: Arial, sans-serif;color: #000000;background-color: transparent;vertical-align: baseline\">Linda Canga Elefante, Ret\u00e2ngular, com 1,50 x 1,10m e acabamento em PomPom nas 4 bordas! Estampa exclusiva cheia de cores e detalhes surpreendentes! Na cultura oriental, o elefante significa prosperidade, paz, for\u00e7a e longevidade. O tecido apresenta uma superf\u00edcie com toque macio, refrescante, que n\u00e3o gruda areia e n\u00e3o amarrota! Medidas: 1,50 x 1,10mt Composi\u00e7\u00e3o: 100% Poli\u00e9ster<\/span><\/span><\/p>\n","protected":false},"excerpt":{"rendered":"<p dir=\"ltr\" style=\"line-height: 1.38;margin-top: 0pt;margin-bottom: 0pt\"><span style=\"font-size: 12pt;font-family: Arial,sans-serif;color: #000000;background-color: transparent;font-weight: bold;font-style: normal;font-variant: normal;text-decoration: none;vertical-align: baseline\">NA CULTURA ORIENTAL, O ELEFANTE SIGNIFICA PROSPERIDADE, PAZ, FOR\u00c7A E LONGEVIDADE. CANGA PARA PRAIA, PISCINA, CACHOEIRA, SA\u00cdDA DE PRAIA OU PIQUENIQUE!<\/span><\/p>\n","protected":false},"featured_media":1056,"comment_status":"open","ping_status":"closed","template":"","meta":[],"product_cat":[17,22],"product_tag":[],"class_list":["post-1030","product","type-product","status-publish","has-post-thumbnail","hentry","product_cat-decor-home","product_cat-mantas"],"_links":{"self":[{"href":"https:\/\/institutogayatrispa.com.br\/loja\/wp-json\/wp\/v2\/product\/1030","targetHints":{"allow":["GET"]}}],"collection":[{"href":"https:\/\/institutogayatrispa.com.br\/loja\/wp-json\/wp\/v2\/product"}],"about":[{"href":"https:\/\/institutogayatrispa.com.br\/loja\/wp-json\/wp\/v2\/types\/product"}],"replies":[{"embeddable":true,"href":"https:\/\/institutogayatrispa.com.br\/loja\/wp-json\/wp\/v2\/comments?post=1030"}],"wp:featuredmedia":[{"embeddable":true,"href":"https:\/\/institutogayatrispa.com.br\/loja\/wp-json\/wp\/v2\/media\/1056"}],"wp:attachment":[{"href":"https:\/\/institutogayatrispa.com.br\/loja\/wp-json\/wp\/v2\/media?parent=1030"}],"wp:term":[{"taxonomy":"product_cat","embeddable":true,"href":"https:\/\/institutogayatrispa.com.br\/loja\/wp-json\/wp\/v2\/product_cat?post=1030"},{"taxonomy":"product_tag","embeddable":true,"href":"https:\/\/institutogayatrispa.com.br\/loja\/wp-json\/wp\/v2\/product_tag?post=1030"}],"curies":[{"name":"wp","href":"https:\/\/api.w.org\/{rel}","templated":true}]}}