{"id":105,"date":"2023-04-21T07:11:38","date_gmt":"2023-04-21T10:11:38","guid":{"rendered":"https:\/\/institutogayatrispa.com.br\/loja\/?post_type=product&#038;p=105"},"modified":"2023-07-25T16:48:31","modified_gmt":"2023-07-25T19:48:31","slug":"almofada-hamsa","status":"publish","type":"product","link":"https:\/\/institutogayatrispa.com.br\/loja\/produto\/almofada-hamsa\/","title":{"rendered":"Almofada Hamsa"},"content":{"rendered":"<p>Foi desenvolvida no formado da Hamsa ou M\u00e3o de F\u00e1tima! Al\u00e9m de decorar o seu ambiente, tamb\u00e9m proteja e leva boas vibra\u00e7\u00f5es! Seu design \u00e9 \u00fanico, e ainda por cima tem acabamento em Pompom. \u00c9 fabricada em um veludo DELICIOSO e seu recheio \u00e9 feito de fibra siliconada, super macia!  Seu significado: Hams\u00e1 \u00e9 repleta de uma energia protetora, e por isso \u00e9 utilizada em diversas vezes como um amuleto poderoso. A tamb\u00e9m chamada como M\u00e3o de F\u00e1tima \u00e9 utilizada como um escudo grande e forte que impede as grandes dores, isto \u00e9, uma m\u00e3o esticada que tem o poder de parar o mal e que principalmente banha todos com for\u00e7a amor, prote\u00e7\u00e3o, atraindo sempre o bem. <\/p>\n","protected":false},"excerpt":{"rendered":"<p>UM AMULETO DE PROTE\u00c7\u00c3O PARA O SEU SOF\u00c1, CAMA OU POLTRONA!<\/p>\n","protected":false},"featured_media":132,"comment_status":"open","ping_status":"closed","template":"","meta":[],"product_cat":[20],"product_tag":[],"class_list":["post-105","product","type-product","status-publish","has-post-thumbnail","hentry","product_cat-almofadas"],"_links":{"self":[{"href":"https:\/\/institutogayatrispa.com.br\/loja\/wp-json\/wp\/v2\/product\/105","targetHints":{"allow":["GET"]}}],"collection":[{"href":"https:\/\/institutogayatrispa.com.br\/loja\/wp-json\/wp\/v2\/product"}],"about":[{"href":"https:\/\/institutogayatrispa.com.br\/loja\/wp-json\/wp\/v2\/types\/product"}],"replies":[{"embeddable":true,"href":"https:\/\/institutogayatrispa.com.br\/loja\/wp-json\/wp\/v2\/comments?post=105"}],"wp:featuredmedia":[{"embeddable":true,"href":"https:\/\/institutogayatrispa.com.br\/loja\/wp-json\/wp\/v2\/media\/132"}],"wp:attachment":[{"href":"https:\/\/institutogayatrispa.com.br\/loja\/wp-json\/wp\/v2\/media?parent=105"}],"wp:term":[{"taxonomy":"product_cat","embeddable":true,"href":"https:\/\/institutogayatrispa.com.br\/loja\/wp-json\/wp\/v2\/product_cat?post=105"},{"taxonomy":"product_tag","embeddable":true,"href":"https:\/\/institutogayatrispa.com.br\/loja\/wp-json\/wp\/v2\/product_tag?post=105"}],"curies":[{"name":"wp","href":"https:\/\/api.w.org\/{rel}","templated":true}]}}