{"id":1098,"date":"2023-10-09T12:14:24","date_gmt":"2023-10-09T15:14:24","guid":{"rendered":"https:\/\/institutogayatrispa.com.br\/loja\/produto\/fonte-lakshimi-nova-2\/"},"modified":"2023-10-09T12:14:24","modified_gmt":"2023-10-09T15:14:24","slug":"fonte-lakshimi-nova-2","status":"publish","type":"product","link":"https:\/\/institutogayatrispa.com.br\/loja\/produto\/fonte-lakshimi-nova-2\/","title":{"rendered":"Fonte Lakshimi Nova"},"content":{"rendered":"","protected":false},"excerpt":{"rendered":"<p><span id=\"docs-internal-guid-2e33dcc4-7fff-c706-23b5-c0aff27c5391\"><span style=\"font-size: 12pt;font-family: Arial, sans-serif;color: #000000;background-color: transparent;vertical-align: baseline\">Lakshmi \u00e9 uma deusa que veio do Hindu. Ela \u00e9 considerada a personifica\u00e7\u00e3o da riqueza e da fortuna e est\u00e1 associada a riqueza material, al\u00e9m da beleza, abund\u00e2ncia e da generosidade. Ela tamb\u00e9m est\u00e1 muito associada a sorte, a sa\u00fade, a riqueza mental, a fertilidade e a riqueza interior.<\/span><\/span><\/p>\n","protected":false},"featured_media":1096,"comment_status":"open","ping_status":"closed","template":"","meta":[],"product_cat":[17,27,88],"product_tag":[],"class_list":["post-1098","product","type-product","status-publish","has-post-thumbnail","hentry","product_cat-decor-home","product_cat-budas","product_cat-escultura"],"_links":{"self":[{"href":"https:\/\/institutogayatrispa.com.br\/loja\/wp-json\/wp\/v2\/product\/1098","targetHints":{"allow":["GET"]}}],"collection":[{"href":"https:\/\/institutogayatrispa.com.br\/loja\/wp-json\/wp\/v2\/product"}],"about":[{"href":"https:\/\/institutogayatrispa.com.br\/loja\/wp-json\/wp\/v2\/types\/product"}],"replies":[{"embeddable":true,"href":"https:\/\/institutogayatrispa.com.br\/loja\/wp-json\/wp\/v2\/comments?post=1098"}],"wp:featuredmedia":[{"embeddable":true,"href":"https:\/\/institutogayatrispa.com.br\/loja\/wp-json\/wp\/v2\/media\/1096"}],"wp:attachment":[{"href":"https:\/\/institutogayatrispa.com.br\/loja\/wp-json\/wp\/v2\/media?parent=1098"}],"wp:term":[{"taxonomy":"product_cat","embeddable":true,"href":"https:\/\/institutogayatrispa.com.br\/loja\/wp-json\/wp\/v2\/product_cat?post=1098"},{"taxonomy":"product_tag","embeddable":true,"href":"https:\/\/institutogayatrispa.com.br\/loja\/wp-json\/wp\/v2\/product_tag?post=1098"}],"curies":[{"name":"wp","href":"https:\/\/api.w.org\/{rel}","templated":true}]}}