{"id":1127,"date":"2023-10-09T16:53:18","date_gmt":"2023-10-09T19:53:18","guid":{"rendered":"https:\/\/institutogayatrispa.com.br\/loja\/produto\/elefante-andando-indie-color\/"},"modified":"2023-10-09T16:53:41","modified_gmt":"2023-10-09T19:53:41","slug":"elefante-andando-indie-color","status":"publish","type":"product","link":"https:\/\/institutogayatrispa.com.br\/loja\/produto\/elefante-andando-indie-color\/","title":{"rendered":"Elefante Andando Indie Color"},"content":{"rendered":"<p><span id=\"docs-internal-guid-b6a6f472-7fff-bdd7-e2d3-f8dd0bef7866\"><span style=\"font-size: 12pt;font-family: Arial, sans-serif;color: #000000;background-color: transparent;vertical-align: baseline\">Elefante indiano em madeira colorido<\/span><\/span><\/p>\n","protected":false},"excerpt":{"rendered":"<p><span id=\"docs-internal-guid-77bfc6e0-7fff-53f9-b24b-8f54f5b35e65\">\u00a0<\/span><\/p>\n<p dir=\"ltr\" style=\"line-height: 1.38;margin-top: 0pt;margin-bottom: 0pt\"><span style=\"font-size: 12pt;font-family: Arial,sans-serif;color: #000000;background-color: transparent;font-weight: 400;font-style: normal;font-variant: normal;text-decoration: none;vertical-align: baseline\">Elefante indiano em madeira colorido &#8211; Escultura de elefante entalhado a m\u00e3o com lindas pinturas exclusivas em cada pe\u00e7a, tornando cada pe\u00e7a \u00fanica que tr\u00e1s um toque especial na decora\u00e7\u00e3o do seu ambiente. ELEFANTES SIGNIFICADO: Representa &#8220;boa sorte&#8221;, simboliza tamb\u00e9m a persist\u00eancia, determina\u00e7\u00e3o, solidariedade, sabedoria, amizade, mem\u00f3ria e poder. No ioga ele representa o chackra &#8220;muladhara&#8221;, elemento da terra. No &#8220;Hindu\u00edsmo&#8221; \u00e9 a montaria de quase todas a deidades dos mitos Hindu, segundo relatos os primeiros elefantes do mundo possu\u00edam asas e brincavam com as nuvens.<\/span><\/p>\n","protected":false},"featured_media":1124,"comment_status":"open","ping_status":"closed","template":"","meta":[],"product_cat":[17,40],"product_tag":[],"class_list":["post-1127","product","type-product","status-publish","has-post-thumbnail","hentry","product_cat-decor-home","product_cat-elefante"],"_links":{"self":[{"href":"https:\/\/institutogayatrispa.com.br\/loja\/wp-json\/wp\/v2\/product\/1127","targetHints":{"allow":["GET"]}}],"collection":[{"href":"https:\/\/institutogayatrispa.com.br\/loja\/wp-json\/wp\/v2\/product"}],"about":[{"href":"https:\/\/institutogayatrispa.com.br\/loja\/wp-json\/wp\/v2\/types\/product"}],"replies":[{"embeddable":true,"href":"https:\/\/institutogayatrispa.com.br\/loja\/wp-json\/wp\/v2\/comments?post=1127"}],"wp:featuredmedia":[{"embeddable":true,"href":"https:\/\/institutogayatrispa.com.br\/loja\/wp-json\/wp\/v2\/media\/1124"}],"wp:attachment":[{"href":"https:\/\/institutogayatrispa.com.br\/loja\/wp-json\/wp\/v2\/media?parent=1127"}],"wp:term":[{"taxonomy":"product_cat","embeddable":true,"href":"https:\/\/institutogayatrispa.com.br\/loja\/wp-json\/wp\/v2\/product_cat?post=1127"},{"taxonomy":"product_tag","embeddable":true,"href":"https:\/\/institutogayatrispa.com.br\/loja\/wp-json\/wp\/v2\/product_tag?post=1127"}],"curies":[{"name":"wp","href":"https:\/\/api.w.org\/{rel}","templated":true}]}}