{"id":114,"date":"2023-04-21T07:11:38","date_gmt":"2023-04-21T10:11:38","guid":{"rendered":"https:\/\/institutogayatrispa.com.br\/loja\/?post_type=product&#038;p=114"},"modified":"2023-07-25T16:48:32","modified_gmt":"2023-07-25T19:48:32","slug":"mandalinha-olho-grego","status":"publish","type":"product","link":"https:\/\/institutogayatrispa.com.br\/loja\/produto\/mandalinha-olho-grego\/","title":{"rendered":"Mandalinha Olho Grego"},"content":{"rendered":"<p>As mandalinhas s\u00e3o similares ao tapete, mas com tamanho bem reduzido.<br \/>\nElas podem ser utilizadas na decora\u00e7\u00e3o de mesas como sousplat e jogo americano, e tamb\u00e9m na decora\u00e7\u00e3o de paredes e mesas de escrit\u00f3rio ou criado mudo.<br \/>\nDecore assim sua sala, refei\u00e7\u00f5es ou seu cantinho zen.<br \/>\nFabricada em tecido aveludada com verso emborrachado e antiderrapante.<br \/>\nLav\u00e1vel.<\/p>\n","protected":false},"excerpt":{"rendered":"<p>MANDALINHAS DECORATIVAS.  <\/p>\n","protected":false},"featured_media":158,"comment_status":"open","ping_status":"closed","template":"","meta":[],"product_cat":[17,26],"product_tag":[],"class_list":["post-114","product","type-product","status-publish","has-post-thumbnail","hentry","product_cat-decor-home","product_cat-mandalinhas-redondas"],"_links":{"self":[{"href":"https:\/\/institutogayatrispa.com.br\/loja\/wp-json\/wp\/v2\/product\/114","targetHints":{"allow":["GET"]}}],"collection":[{"href":"https:\/\/institutogayatrispa.com.br\/loja\/wp-json\/wp\/v2\/product"}],"about":[{"href":"https:\/\/institutogayatrispa.com.br\/loja\/wp-json\/wp\/v2\/types\/product"}],"replies":[{"embeddable":true,"href":"https:\/\/institutogayatrispa.com.br\/loja\/wp-json\/wp\/v2\/comments?post=114"}],"wp:featuredmedia":[{"embeddable":true,"href":"https:\/\/institutogayatrispa.com.br\/loja\/wp-json\/wp\/v2\/media\/158"}],"wp:attachment":[{"href":"https:\/\/institutogayatrispa.com.br\/loja\/wp-json\/wp\/v2\/media?parent=114"}],"wp:term":[{"taxonomy":"product_cat","embeddable":true,"href":"https:\/\/institutogayatrispa.com.br\/loja\/wp-json\/wp\/v2\/product_cat?post=114"},{"taxonomy":"product_tag","embeddable":true,"href":"https:\/\/institutogayatrispa.com.br\/loja\/wp-json\/wp\/v2\/product_tag?post=114"}],"curies":[{"name":"wp","href":"https:\/\/api.w.org\/{rel}","templated":true}]}}