{"id":117,"date":"2023-04-21T07:11:38","date_gmt":"2023-04-21T10:11:38","guid":{"rendered":"https:\/\/institutogayatrispa.com.br\/loja\/?post_type=product&#038;p=117"},"modified":"2023-07-25T16:48:32","modified_gmt":"2023-07-25T19:48:32","slug":"ganesha-de-parede","status":"publish","type":"product","link":"https:\/\/institutogayatrispa.com.br\/loja\/produto\/ganesha-de-parede\/","title":{"rendered":"Ganesha de Parede"},"content":{"rendered":"<p>Esculpida em marmorite, essa arte decorativa de Ganesha leva a energia de prosperidade e abund\u00e2ncia do Deus Elefante hindu para a decora\u00e7\u00e3o. Inspirando tranquilidade e bem-estar, ao decorar ambientes, a imagem deste Deus indiano traz paz, purificando todos os espa\u00e7os para que bons fluidos circulem sem obst\u00e1culos.<br \/>\nTransforme a energia do ambiente!<\/p>\n","protected":false},"excerpt":{"rendered":"<p>FEITA EM MARMORITE. ESCULTURA PARA DECORA\u00c7\u00c3O DE AMBIENTES EXTERNOS PRODUZIDA EM MATERIAL DE ALTA RESIST\u00caNCIA E ACABAMENTO PREMIUM QUE RESISTE AO TEMPO.<\/p>\n","protected":false},"featured_media":172,"comment_status":"open","ping_status":"closed","template":"","meta":[],"product_cat":[17,28],"product_tag":[],"class_list":["post-117","product","type-product","status-publish","has-post-thumbnail","hentry","product_cat-decor-home","product_cat-ganesha"],"_links":{"self":[{"href":"https:\/\/institutogayatrispa.com.br\/loja\/wp-json\/wp\/v2\/product\/117","targetHints":{"allow":["GET"]}}],"collection":[{"href":"https:\/\/institutogayatrispa.com.br\/loja\/wp-json\/wp\/v2\/product"}],"about":[{"href":"https:\/\/institutogayatrispa.com.br\/loja\/wp-json\/wp\/v2\/types\/product"}],"replies":[{"embeddable":true,"href":"https:\/\/institutogayatrispa.com.br\/loja\/wp-json\/wp\/v2\/comments?post=117"}],"wp:featuredmedia":[{"embeddable":true,"href":"https:\/\/institutogayatrispa.com.br\/loja\/wp-json\/wp\/v2\/media\/172"}],"wp:attachment":[{"href":"https:\/\/institutogayatrispa.com.br\/loja\/wp-json\/wp\/v2\/media?parent=117"}],"wp:term":[{"taxonomy":"product_cat","embeddable":true,"href":"https:\/\/institutogayatrispa.com.br\/loja\/wp-json\/wp\/v2\/product_cat?post=117"},{"taxonomy":"product_tag","embeddable":true,"href":"https:\/\/institutogayatrispa.com.br\/loja\/wp-json\/wp\/v2\/product_tag?post=117"}],"curies":[{"name":"wp","href":"https:\/\/api.w.org\/{rel}","templated":true}]}}