{"id":120,"date":"2023-04-21T07:11:38","date_gmt":"2023-04-21T10:11:38","guid":{"rendered":"https:\/\/institutogayatrispa.com.br\/loja\/?post_type=product&#038;p=120"},"modified":"2023-07-25T16:48:32","modified_gmt":"2023-07-25T19:48:32","slug":"fonte-lakshimi-nova","status":"publish","type":"product","link":"https:\/\/institutogayatrispa.com.br\/loja\/produto\/fonte-lakshimi-nova\/","title":{"rendered":"Fonte Lakshimi Nova"},"content":{"rendered":"<p>Lakshmi \u00e9 uma deusa que veio do Hindu. Ela \u00e9 considerada a personifica\u00e7\u00e3o da riqueza e da fortuna e est\u00e1 associada a riqueza material, al\u00e9m da beleza, abund\u00e2ncia e da generosidade. Ela tamb\u00e9m est\u00e1 muito associada a sorte, a sa\u00fade, a riqueza mental, a fertilidade e a riqueza interior.<\/p>\n","protected":false},"excerpt":{"rendered":"<p>FEITA EM MARMORITE. ESCULTURA PARA DECORA\u00c7\u00c3O DE AMBIENTES EXTERNOS PRODUZIDA EM MATERIAL DE ALTA RESIST\u00caNCIA E ACABAMENTO PREMIUM QUE RESISTE AO TEMPO.<\/p>\n","protected":false},"featured_media":177,"comment_status":"open","ping_status":"closed","template":"","meta":[],"product_cat":[17,29],"product_tag":[],"class_list":["post-120","product","type-product","status-publish","has-post-thumbnail","hentry","product_cat-decor-home","product_cat-fonte"],"_links":{"self":[{"href":"https:\/\/institutogayatrispa.com.br\/loja\/wp-json\/wp\/v2\/product\/120","targetHints":{"allow":["GET"]}}],"collection":[{"href":"https:\/\/institutogayatrispa.com.br\/loja\/wp-json\/wp\/v2\/product"}],"about":[{"href":"https:\/\/institutogayatrispa.com.br\/loja\/wp-json\/wp\/v2\/types\/product"}],"replies":[{"embeddable":true,"href":"https:\/\/institutogayatrispa.com.br\/loja\/wp-json\/wp\/v2\/comments?post=120"}],"wp:featuredmedia":[{"embeddable":true,"href":"https:\/\/institutogayatrispa.com.br\/loja\/wp-json\/wp\/v2\/media\/177"}],"wp:attachment":[{"href":"https:\/\/institutogayatrispa.com.br\/loja\/wp-json\/wp\/v2\/media?parent=120"}],"wp:term":[{"taxonomy":"product_cat","embeddable":true,"href":"https:\/\/institutogayatrispa.com.br\/loja\/wp-json\/wp\/v2\/product_cat?post=120"},{"taxonomy":"product_tag","embeddable":true,"href":"https:\/\/institutogayatrispa.com.br\/loja\/wp-json\/wp\/v2\/product_tag?post=120"}],"curies":[{"name":"wp","href":"https:\/\/api.w.org\/{rel}","templated":true}]}}