{"id":121,"date":"2023-04-21T07:11:39","date_gmt":"2023-04-21T10:11:39","guid":{"rendered":"https:\/\/institutogayatrispa.com.br\/loja\/?post_type=product&#038;p=121"},"modified":"2023-07-25T16:48:32","modified_gmt":"2023-07-25T19:48:32","slug":"incensario-em-formato-de-mao","status":"publish","type":"product","link":"https:\/\/institutogayatrispa.com.br\/loja\/produto\/incensario-em-formato-de-mao\/","title":{"rendered":"Incens\u00e1rio em formato de M\u00e3o"},"content":{"rendered":"<p>Incens\u00e1rio artesanal m\u00e3o de Buda feito em marmorite por artes\u00e3os do Brasil.<br \/>\nAo estender a m\u00e3o para recolher as cinzas do incenso, Buda te convida a incorporar o destemor e confiar nos poderes de cura dos aromater\u00e1picos. O detalhe floral que marca o orif\u00edcio porta-incenso deixa a pe\u00e7a com um toque delicado e original elevando o objeto utilit\u00e1rio a uma obra de arte para enriquecer os interiores.<\/p>\n<p>Uma pe\u00e7a diferenciada para decorar e harmonizar seu ambiente!<\/p>\n","protected":false},"excerpt":{"rendered":"<p>FEITA EM MARMORITE. ESCULTURA PARA DECORA\u00c7\u00c3O DE AMBIENTES EXTERNOS PRODUZIDA EM MATERIAL DE ALTA RESIST\u00caNCIA E ACABAMENTO PREMIUM QUE RESISTE AO TEMPO.<\/p>\n","protected":false},"featured_media":179,"comment_status":"open","ping_status":"closed","template":"","meta":[],"product_cat":[17],"product_tag":[],"class_list":["post-121","product","type-product","status-publish","has-post-thumbnail","hentry","product_cat-decor-home"],"_links":{"self":[{"href":"https:\/\/institutogayatrispa.com.br\/loja\/wp-json\/wp\/v2\/product\/121","targetHints":{"allow":["GET"]}}],"collection":[{"href":"https:\/\/institutogayatrispa.com.br\/loja\/wp-json\/wp\/v2\/product"}],"about":[{"href":"https:\/\/institutogayatrispa.com.br\/loja\/wp-json\/wp\/v2\/types\/product"}],"replies":[{"embeddable":true,"href":"https:\/\/institutogayatrispa.com.br\/loja\/wp-json\/wp\/v2\/comments?post=121"}],"wp:featuredmedia":[{"embeddable":true,"href":"https:\/\/institutogayatrispa.com.br\/loja\/wp-json\/wp\/v2\/media\/179"}],"wp:attachment":[{"href":"https:\/\/institutogayatrispa.com.br\/loja\/wp-json\/wp\/v2\/media?parent=121"}],"wp:term":[{"taxonomy":"product_cat","embeddable":true,"href":"https:\/\/institutogayatrispa.com.br\/loja\/wp-json\/wp\/v2\/product_cat?post=121"},{"taxonomy":"product_tag","embeddable":true,"href":"https:\/\/institutogayatrispa.com.br\/loja\/wp-json\/wp\/v2\/product_tag?post=121"}],"curies":[{"name":"wp","href":"https:\/\/api.w.org\/{rel}","templated":true}]}}