{"id":122,"date":"2023-04-21T07:11:39","date_gmt":"2023-04-21T10:11:39","guid":{"rendered":"https:\/\/institutogayatrispa.com.br\/loja\/?post_type=product&#038;p=122"},"modified":"2023-10-09T14:08:51","modified_gmt":"2023-10-09T17:08:51","slug":"prisma-de-vidro-feng-shui-multipla","status":"publish","type":"product","link":"https:\/\/institutogayatrispa.com.br\/loja\/produto\/prisma-de-vidro-feng-shui-multipla\/","title":{"rendered":"Prisma de Vidro Feng Shui &#8211; M\u00faltipla"},"content":{"rendered":"<p><span id=\"docs-internal-guid-ca15bdc7-7fff-1664-ba98-1d537d0c87a5\"><span style=\"font-size: 11pt;font-family: Arial, sans-serif;color: #000000;background-color: transparent;vertical-align: baseline\">Instrumento utilizado no Feng Shui para harmoniza\u00e7\u00e3o e transmuta\u00e7\u00e3o das energias de ambientes Muito al\u00e9m de decorativo, o Prisma D&#8217;\u00e1gua \u00e9 uma pe\u00e7a muito importante para o Feng Shui. A \u00e1gua do prisma filtra a energia solar e reflete em todas as dire\u00e7\u00f5es o seu brilho, al\u00e9m de lan\u00e7ar\/refletir para fora do ambiente as for\u00e7as negativas que tentam adentrar, ela tamb\u00e9m filtra e energiza o ambiente! Deixando os ambientes mais leves, energizados e equilibrados. Com movimento circular, o Prisma D&#8217;\u00e1gua reflete a luz do Sol e mant\u00e9m com auxilio do vento um movimento circular bel\u00edssimo, abrangendo toda o seu entorno! Pendure em locais de boa ilumina\u00e7\u00e3o! Material: Metal e vidro Tamanho: 8&#215;8 cm<\/span><\/span><\/p>\n","protected":false},"excerpt":{"rendered":"<p><span id=\"docs-internal-guid-649dd7a9-7fff-0828-cef4-790812bd7e56\">\u00a0<\/span><\/p>\n<p dir=\"ltr\" style=\"line-height: 1.38;margin-top: 0pt;margin-bottom: 0pt\"><span style=\"font-size: 11pt;font-family: Arial,sans-serif;color: #000000;background-color: transparent;font-weight: bold;font-style: normal;font-variant: normal;text-decoration: none;vertical-align: baseline\">Esse \u00e9 o Prisma D&#8217;\u00e1gua! Uma pe\u00e7a muito importante para o Feng Shui, deixando os ambientes mais leves e energizados! A \u00e1gua do prisma filtra a energia solar e reflete em todas as dire\u00e7\u00f5es o seu brilho, iluminando todo o seu entorno de uma forma bel\u00edssima!<\/span><\/p>\n","protected":false},"featured_media":1114,"comment_status":"open","ping_status":"closed","template":"","meta":[],"product_cat":[17,30],"product_tag":[],"class_list":["post-122","product","type-product","status-publish","has-post-thumbnail","hentry","product_cat-decor-home","product_cat-prisma-de-vidro"],"_links":{"self":[{"href":"https:\/\/institutogayatrispa.com.br\/loja\/wp-json\/wp\/v2\/product\/122","targetHints":{"allow":["GET"]}}],"collection":[{"href":"https:\/\/institutogayatrispa.com.br\/loja\/wp-json\/wp\/v2\/product"}],"about":[{"href":"https:\/\/institutogayatrispa.com.br\/loja\/wp-json\/wp\/v2\/types\/product"}],"replies":[{"embeddable":true,"href":"https:\/\/institutogayatrispa.com.br\/loja\/wp-json\/wp\/v2\/comments?post=122"}],"wp:featuredmedia":[{"embeddable":true,"href":"https:\/\/institutogayatrispa.com.br\/loja\/wp-json\/wp\/v2\/media\/1114"}],"wp:attachment":[{"href":"https:\/\/institutogayatrispa.com.br\/loja\/wp-json\/wp\/v2\/media?parent=122"}],"wp:term":[{"taxonomy":"product_cat","embeddable":true,"href":"https:\/\/institutogayatrispa.com.br\/loja\/wp-json\/wp\/v2\/product_cat?post=122"},{"taxonomy":"product_tag","embeddable":true,"href":"https:\/\/institutogayatrispa.com.br\/loja\/wp-json\/wp\/v2\/product_tag?post=122"}],"curies":[{"name":"wp","href":"https:\/\/api.w.org\/{rel}","templated":true}]}}