{"id":125,"date":"2023-04-21T07:11:39","date_gmt":"2023-04-21T10:11:39","guid":{"rendered":"https:\/\/institutogayatrispa.com.br\/loja\/?post_type=product&#038;p=125"},"modified":"2023-10-09T14:08:08","modified_gmt":"2023-10-09T17:08:08","slug":"prisma-de-vidro-feng-shui-djaya","status":"publish","type":"product","link":"https:\/\/institutogayatrispa.com.br\/loja\/produto\/prisma-de-vidro-feng-shui-djaya\/","title":{"rendered":"Prisma de Vidro Feng Shui &#8211; Djaya"},"content":{"rendered":"<p>Os prismas de \u00e1gua s\u00e3o fabricados em cristal de vidro e seu prop\u00f3sito quando expostos ao sol, absorvem e irradiam luz e energia, trazendo harmonia ao ambiente.<br \/>Perfeito para decorar os interiores e jardins com prop\u00f3sitos elevados, deixando os ambientes mais leves e energizados!<br \/>A \u00e1gua do prisma filtra a energia solar e reflete em todas as dire\u00e7\u00f5es o seu brilho, iluminando todo o seu entorno de uma forma bel\u00edssima.<\/p>\n","protected":false},"excerpt":{"rendered":"<p dir=\"ltr\" style=\"line-height: 1.38;margin-top: 0pt;margin-bottom: 0pt\"><span style=\"font-size: 12pt;font-family: Arial,sans-serif;color: #000000;background-color: transparent;font-weight: 400;font-style: normal;font-variant: normal;text-decoration: none;vertical-align: baseline\">Esse \u00e9 o Prisma D&#8217;\u00e1gua! Uma pe\u00e7a muito importante para o Feng Shui, deixando os ambientes mais leves e energizados!\u00a0<\/span><\/p>\n<p>\u00a0<\/p>\n<p dir=\"ltr\" style=\"line-height: 1.38;margin-top: 0pt;margin-bottom: 0pt\"><span style=\"font-size: 12pt;font-family: Arial,sans-serif;color: #000000;background-color: transparent;font-weight: 400;font-style: normal;font-variant: normal;text-decoration: none;vertical-align: baseline\">A \u00e1gua do prisma filtra a energia solar e reflete em todas as dire\u00e7\u00f5es o seu brilho, iluminando todo o seu entorno de uma forma bel\u00edssima!<\/span><\/p>\n","protected":false},"featured_media":1110,"comment_status":"open","ping_status":"closed","template":"","meta":[],"product_cat":[17,30],"product_tag":[],"class_list":["post-125","product","type-product","status-publish","has-post-thumbnail","hentry","product_cat-decor-home","product_cat-prisma-de-vidro"],"_links":{"self":[{"href":"https:\/\/institutogayatrispa.com.br\/loja\/wp-json\/wp\/v2\/product\/125","targetHints":{"allow":["GET"]}}],"collection":[{"href":"https:\/\/institutogayatrispa.com.br\/loja\/wp-json\/wp\/v2\/product"}],"about":[{"href":"https:\/\/institutogayatrispa.com.br\/loja\/wp-json\/wp\/v2\/types\/product"}],"replies":[{"embeddable":true,"href":"https:\/\/institutogayatrispa.com.br\/loja\/wp-json\/wp\/v2\/comments?post=125"}],"wp:featuredmedia":[{"embeddable":true,"href":"https:\/\/institutogayatrispa.com.br\/loja\/wp-json\/wp\/v2\/media\/1110"}],"wp:attachment":[{"href":"https:\/\/institutogayatrispa.com.br\/loja\/wp-json\/wp\/v2\/media?parent=125"}],"wp:term":[{"taxonomy":"product_cat","embeddable":true,"href":"https:\/\/institutogayatrispa.com.br\/loja\/wp-json\/wp\/v2\/product_cat?post=125"},{"taxonomy":"product_tag","embeddable":true,"href":"https:\/\/institutogayatrispa.com.br\/loja\/wp-json\/wp\/v2\/product_tag?post=125"}],"curies":[{"name":"wp","href":"https:\/\/api.w.org\/{rel}","templated":true}]}}