{"id":127,"date":"2023-04-21T07:11:39","date_gmt":"2023-04-21T10:11:39","guid":{"rendered":"https:\/\/institutogayatrispa.com.br\/loja\/?post_type=product&#038;p=127"},"modified":"2023-07-25T16:48:33","modified_gmt":"2023-07-25T19:48:33","slug":"arcanjo-miguel-em-bronze","status":"publish","type":"product","link":"https:\/\/institutogayatrispa.com.br\/loja\/produto\/arcanjo-miguel-em-bronze\/","title":{"rendered":"Arcanjo Miguel em Bronze"},"content":{"rendered":"<p>A escultura decorativa de S\u00e3o Miguel Arcanjo com armadura e espada torna evidente o poder do Anjo do Senhor diante das batalhas contra o mal.<\/p>\n<p>A etimologia da palavra Arcanjo vem da composi\u00e7\u00e3o de palavras gregas \u201c\u00e0rchein\u201d e \u201c\u00e0nghelos\u201d que significam, respectivamente, comandante e mensageiro, mostrando a posi\u00e7\u00e3o hier\u00e1rquica deste anjo no comando e na transmiss\u00e3o da mensagem divina para outros anjos. Miguel, por sua vez, deriva do hebraico \u201cm\u012b k\u0101\u02bc\u0113l\u201d, que significa \u201cquem \u00e9 como Deus\u201d. Ao lado do ex\u00e9rcito dos c\u00e9us (Hostes Angelicais) este guerreiro celestial comanda todas as batalhas a fim de proteger Deus e suas cria\u00e7\u00f5es como a humanidade.<\/p>\n","protected":false},"excerpt":{"rendered":"<p>Arcanjo Miguel em Bronze.<\/p>\n","protected":false},"featured_media":210,"comment_status":"open","ping_status":"closed","template":"","meta":[],"product_cat":[17],"product_tag":[],"class_list":["post-127","product","type-product","status-publish","has-post-thumbnail","hentry","product_cat-decor-home"],"_links":{"self":[{"href":"https:\/\/institutogayatrispa.com.br\/loja\/wp-json\/wp\/v2\/product\/127","targetHints":{"allow":["GET"]}}],"collection":[{"href":"https:\/\/institutogayatrispa.com.br\/loja\/wp-json\/wp\/v2\/product"}],"about":[{"href":"https:\/\/institutogayatrispa.com.br\/loja\/wp-json\/wp\/v2\/types\/product"}],"replies":[{"embeddable":true,"href":"https:\/\/institutogayatrispa.com.br\/loja\/wp-json\/wp\/v2\/comments?post=127"}],"wp:featuredmedia":[{"embeddable":true,"href":"https:\/\/institutogayatrispa.com.br\/loja\/wp-json\/wp\/v2\/media\/210"}],"wp:attachment":[{"href":"https:\/\/institutogayatrispa.com.br\/loja\/wp-json\/wp\/v2\/media?parent=127"}],"wp:term":[{"taxonomy":"product_cat","embeddable":true,"href":"https:\/\/institutogayatrispa.com.br\/loja\/wp-json\/wp\/v2\/product_cat?post=127"},{"taxonomy":"product_tag","embeddable":true,"href":"https:\/\/institutogayatrispa.com.br\/loja\/wp-json\/wp\/v2\/product_tag?post=127"}],"curies":[{"name":"wp","href":"https:\/\/api.w.org\/{rel}","templated":true}]}}