{"id":143,"date":"2023-04-21T07:12:04","date_gmt":"2023-04-21T10:12:04","guid":{"rendered":"https:\/\/institutogayatrispa.com.br\/loja\/?post_type=product&#038;p=143"},"modified":"2023-07-25T16:48:33","modified_gmt":"2023-07-25T19:48:33","slug":"gaveteiro-miniatura-indie-2","status":"publish","type":"product","link":"https:\/\/institutogayatrispa.com.br\/loja\/produto\/gaveteiro-miniatura-indie-2\/","title":{"rendered":"Gaveteiro Miniatura Indie"},"content":{"rendered":"<p>Unindo a versatilidade ao visual despojado que o artesanato da \u00cdndia nos tr\u00e1s! Ter um objeto indiano decorando seu ambiente \u00e9 emprestar ao espa\u00e7o, um toque alegre e descolado. A pintura que cada pe\u00e7a tem, da o aspecto \u00fanico e especial.<\/p>\n","protected":false},"excerpt":{"rendered":"<p>Gaveteiro miniatura, pode ser usado tanto como porta objetos, como porta joias.<\/p>\n","protected":false},"featured_media":229,"comment_status":"open","ping_status":"closed","template":"","meta":[],"product_cat":[17,41],"product_tag":[],"class_list":["post-143","product","type-product","status-publish","has-post-thumbnail","hentry","product_cat-decor-home","product_cat-gaveteiro"],"_links":{"self":[{"href":"https:\/\/institutogayatrispa.com.br\/loja\/wp-json\/wp\/v2\/product\/143","targetHints":{"allow":["GET"]}}],"collection":[{"href":"https:\/\/institutogayatrispa.com.br\/loja\/wp-json\/wp\/v2\/product"}],"about":[{"href":"https:\/\/institutogayatrispa.com.br\/loja\/wp-json\/wp\/v2\/types\/product"}],"replies":[{"embeddable":true,"href":"https:\/\/institutogayatrispa.com.br\/loja\/wp-json\/wp\/v2\/comments?post=143"}],"wp:featuredmedia":[{"embeddable":true,"href":"https:\/\/institutogayatrispa.com.br\/loja\/wp-json\/wp\/v2\/media\/229"}],"wp:attachment":[{"href":"https:\/\/institutogayatrispa.com.br\/loja\/wp-json\/wp\/v2\/media?parent=143"}],"wp:term":[{"taxonomy":"product_cat","embeddable":true,"href":"https:\/\/institutogayatrispa.com.br\/loja\/wp-json\/wp\/v2\/product_cat?post=143"},{"taxonomy":"product_tag","embeddable":true,"href":"https:\/\/institutogayatrispa.com.br\/loja\/wp-json\/wp\/v2\/product_tag?post=143"}],"curies":[{"name":"wp","href":"https:\/\/api.w.org\/{rel}","templated":true}]}}