{"id":148,"date":"2023-04-21T07:12:04","date_gmt":"2023-04-21T10:12:04","guid":{"rendered":"https:\/\/institutogayatrispa.com.br\/loja\/?post_type=product&#038;p=148"},"modified":"2023-07-25T16:48:33","modified_gmt":"2023-07-25T19:48:33","slug":"elefante-andando-indie-color-medio","status":"publish","type":"product","link":"https:\/\/institutogayatrispa.com.br\/loja\/produto\/elefante-andando-indie-color-medio\/","title":{"rendered":"Elefante Andando Indie Color M\u00e9dio"},"content":{"rendered":"<p>Escultura de elefante entalhado a m\u00e3o com lindas pinturas exclusivas em cada pe\u00e7a, tornando cada pe\u00e7a \u00fanica trazendo um toque especial na decora\u00e7\u00e3o do seu ambiente.<\/p>\n<p>ELEFANTES SIGNIFICADO:<\/p>\n<p>Representa \u201cboa sorte\u201d, simboliza tamb\u00e9m a persist\u00eancia, determina\u00e7\u00e3o, solidariedade, sabedoria, amizade, mem\u00f3ria e poder.<br \/>\nNo yoga ele representa o chackra \u201cmuladhara\u201d, elemento da terra.<br \/>\nNo \u201cHindu\u00edsmo\u201d \u00e9 a montaria de quase todas a deidades dos mitos Hindu, segundo relatos os primeiros elefantes do mundo possu\u00edam asas e brincavam com as nuvens<\/p>\n","protected":false},"excerpt":{"rendered":"<p>Elefante indiano em madeira colorido.<\/p>\n","protected":false},"featured_media":243,"comment_status":"open","ping_status":"closed","template":"","meta":[],"product_cat":[17,40],"product_tag":[],"class_list":["post-148","product","type-product","status-publish","has-post-thumbnail","hentry","product_cat-decor-home","product_cat-elefante"],"_links":{"self":[{"href":"https:\/\/institutogayatrispa.com.br\/loja\/wp-json\/wp\/v2\/product\/148","targetHints":{"allow":["GET"]}}],"collection":[{"href":"https:\/\/institutogayatrispa.com.br\/loja\/wp-json\/wp\/v2\/product"}],"about":[{"href":"https:\/\/institutogayatrispa.com.br\/loja\/wp-json\/wp\/v2\/types\/product"}],"replies":[{"embeddable":true,"href":"https:\/\/institutogayatrispa.com.br\/loja\/wp-json\/wp\/v2\/comments?post=148"}],"wp:featuredmedia":[{"embeddable":true,"href":"https:\/\/institutogayatrispa.com.br\/loja\/wp-json\/wp\/v2\/media\/243"}],"wp:attachment":[{"href":"https:\/\/institutogayatrispa.com.br\/loja\/wp-json\/wp\/v2\/media?parent=148"}],"wp:term":[{"taxonomy":"product_cat","embeddable":true,"href":"https:\/\/institutogayatrispa.com.br\/loja\/wp-json\/wp\/v2\/product_cat?post=148"},{"taxonomy":"product_tag","embeddable":true,"href":"https:\/\/institutogayatrispa.com.br\/loja\/wp-json\/wp\/v2\/product_tag?post=148"}],"curies":[{"name":"wp","href":"https:\/\/api.w.org\/{rel}","templated":true}]}}