{"id":1495,"date":"2023-12-11T16:58:22","date_gmt":"2023-12-11T19:58:22","guid":{"rendered":"https:\/\/institutogayatrispa.com.br\/loja\/produto\/desodorante-cristal-em-pedra-alva-90g-refil\/"},"modified":"2024-05-24T15:07:42","modified_gmt":"2024-05-24T18:07:42","slug":"desodorante-cristal-em-pedra-alva-90g-refil","status":"publish","type":"product","link":"https:\/\/institutogayatrispa.com.br\/loja\/produto\/desodorante-cristal-em-pedra-alva-90g-refil\/","title":{"rendered":"DESODORANTE CRISTAL EM PEDRA ALVA 90G REFIL"},"content":{"rendered":"<p><span id=\"docs-internal-guid-2d5a5e79-7fff-a360-5473-8b128451ad0b\"><span style=\"font-size: 11pt;font-family: Arial, sans-serif;color: #000000;background-color: transparent;vertical-align: baseline\">O Desodorante Cristal em Pedra, da Alva, pode ser adquirido na vers\u00e3o Refil e \u00e9 formulado com um \u00fanico ingrediente, o sal mineral natural Al\u00famen de Pot\u00e1ssio. Com uma dura\u00e7\u00e3o de at\u00e9 18 meses, esse desodorante kristall combate as bact\u00e9rias respons\u00e1veis pelo mau odor, sem obstruir os poros. Al\u00e9m disso, ele n\u00e3o mancha as roupas ou deixa res\u00edduos na pele, tornando-se a alternativa natural ideal para cuidar de si mesmo!<\/span><\/span><\/p>\n","protected":false},"excerpt":{"rendered":"<p><span id=\"docs-internal-guid-0d882078-7fff-99e7-2605-e79588ad51af\"><span style=\"font-size: 11pt;font-family: Arial, sans-serif;color: #000000;background-color: transparent;vertical-align: baseline\">O \u00fanico ingrediente do Desodorante Cristal Alva 90g Stone \u00e9 o al\u00famen de pot\u00e1ssio, um poderoso sal mineral com efeito antibacteriano, que impede a prolifera\u00e7\u00e3o de bact\u00e9rias causadoras de maus odores.<\/span><\/span><\/p>\n","protected":false},"featured_media":1493,"comment_status":"open","ping_status":"closed","template":"","meta":[],"product_cat":[97,102,103],"product_tag":[],"class_list":["post-1495","product","type-product","status-publish","has-post-thumbnail","hentry","product_cat-bio-beauty","product_cat-desodorante","product_cat-saude"],"_links":{"self":[{"href":"https:\/\/institutogayatrispa.com.br\/loja\/wp-json\/wp\/v2\/product\/1495","targetHints":{"allow":["GET"]}}],"collection":[{"href":"https:\/\/institutogayatrispa.com.br\/loja\/wp-json\/wp\/v2\/product"}],"about":[{"href":"https:\/\/institutogayatrispa.com.br\/loja\/wp-json\/wp\/v2\/types\/product"}],"replies":[{"embeddable":true,"href":"https:\/\/institutogayatrispa.com.br\/loja\/wp-json\/wp\/v2\/comments?post=1495"}],"wp:featuredmedia":[{"embeddable":true,"href":"https:\/\/institutogayatrispa.com.br\/loja\/wp-json\/wp\/v2\/media\/1493"}],"wp:attachment":[{"href":"https:\/\/institutogayatrispa.com.br\/loja\/wp-json\/wp\/v2\/media?parent=1495"}],"wp:term":[{"taxonomy":"product_cat","embeddable":true,"href":"https:\/\/institutogayatrispa.com.br\/loja\/wp-json\/wp\/v2\/product_cat?post=1495"},{"taxonomy":"product_tag","embeddable":true,"href":"https:\/\/institutogayatrispa.com.br\/loja\/wp-json\/wp\/v2\/product_tag?post=1495"}],"curies":[{"name":"wp","href":"https:\/\/api.w.org\/{rel}","templated":true}]}}