{"id":1500,"date":"2023-12-11T17:05:35","date_gmt":"2023-12-11T20:05:35","guid":{"rendered":"https:\/\/institutogayatrispa.com.br\/loja\/produto\/esvova-de-dentes-bamboo-alva-infantil\/"},"modified":"2024-05-24T15:02:22","modified_gmt":"2024-05-24T18:02:22","slug":"esvova-de-dentes-bamboo-alva-infantil","status":"publish","type":"product","link":"https:\/\/institutogayatrispa.com.br\/loja\/produto\/esvova-de-dentes-bamboo-alva-infantil\/","title":{"rendered":"ESCOVA DE DENTE INFANTIL DE BAMBOO &#8211; ALVA"},"content":{"rendered":"<p><span id=\"docs-internal-guid-d8e03ced-7fff-5272-da26-95c4259e5966\"><span style=\"font-size: 11pt;font-family: Arial, sans-serif;color: #000000;background-color: transparent;vertical-align: baseline\">A escova de dentes de bambu infantil \u00e9 aprovada por dentistas de todo o mundo. \u00c9 composta por cerdas mais delicadas e numerosas do que as vers\u00f5es convencionais. Isso torna o contato com os dentes e a gengiva mais suave. Al\u00e9m disso, o bambu \u00e9 um dos melhores materiais provenientes da natureza para substituir o pl\u00e1stico. Ele cresce r\u00e1pido e \u00e9 naturalmente antibacteriano.<\/span><\/span><\/p>\n","protected":false},"excerpt":{"rendered":"<p><span id=\"docs-internal-guid-16856ba5-7fff-4c62-b5af-522b44db22ae\"><span style=\"font-size: 11pt;font-family: Arial, sans-serif;color: #000000;background-color: transparent;vertical-align: baseline\">Escova de Dentes de Bambu,<\/span><\/span><\/p>\n","protected":false},"featured_media":1732,"comment_status":"open","ping_status":"closed","template":"","meta":[],"product_cat":[100,113],"product_tag":[],"class_list":["post-1500","product","type-product","status-publish","has-post-thumbnail","hentry","product_cat-bio-health","product_cat-escova-de-dente"],"_links":{"self":[{"href":"https:\/\/institutogayatrispa.com.br\/loja\/wp-json\/wp\/v2\/product\/1500","targetHints":{"allow":["GET"]}}],"collection":[{"href":"https:\/\/institutogayatrispa.com.br\/loja\/wp-json\/wp\/v2\/product"}],"about":[{"href":"https:\/\/institutogayatrispa.com.br\/loja\/wp-json\/wp\/v2\/types\/product"}],"replies":[{"embeddable":true,"href":"https:\/\/institutogayatrispa.com.br\/loja\/wp-json\/wp\/v2\/comments?post=1500"}],"wp:featuredmedia":[{"embeddable":true,"href":"https:\/\/institutogayatrispa.com.br\/loja\/wp-json\/wp\/v2\/media\/1732"}],"wp:attachment":[{"href":"https:\/\/institutogayatrispa.com.br\/loja\/wp-json\/wp\/v2\/media?parent=1500"}],"wp:term":[{"taxonomy":"product_cat","embeddable":true,"href":"https:\/\/institutogayatrispa.com.br\/loja\/wp-json\/wp\/v2\/product_cat?post=1500"},{"taxonomy":"product_tag","embeddable":true,"href":"https:\/\/institutogayatrispa.com.br\/loja\/wp-json\/wp\/v2\/product_tag?post=1500"}],"curies":[{"name":"wp","href":"https:\/\/api.w.org\/{rel}","templated":true}]}}