{"id":1505,"date":"2023-12-11T17:06:59","date_gmt":"2023-12-11T20:06:59","guid":{"rendered":"https:\/\/institutogayatrispa.com.br\/loja\/produto\/hastes-de-bamboo-e-algodao\/"},"modified":"2024-05-15T11:48:51","modified_gmt":"2024-05-15T14:48:51","slug":"hastes-de-bamboo-e-algodao","status":"publish","type":"product","link":"https:\/\/institutogayatrispa.com.br\/loja\/produto\/hastes-de-bamboo-e-algodao\/","title":{"rendered":"HASTES DE BAMBOO E ALGOD\u00c3O"},"content":{"rendered":"<p><span id=\"docs-internal-guid-d01c6a77-7fff-2781-aaff-a248d63ecb36\"><span style=\"font-size: 11pt;font-family: Arial, sans-serif;color: #000000;background-color: transparent;vertical-align: baseline\">A haste flex\u00edvel\u00a0 ecol\u00f3gica da Alva tem ponta de algod\u00e3o, haste de\u00a0 bambu e \u00e9 um item de higiene pessoal indispens\u00e1vel e 100% biodegrad\u00e1vel. Em quase 100 anos de exist\u00eancia, a haste flex\u00edvel ecol\u00f3gica \u00e9 muito mais ben\u00e9fica ao meio ambiente do que sua vers\u00e3o tradicional.<\/span><\/span><\/p>\n","protected":false},"excerpt":{"rendered":"<p><span id=\"docs-internal-guid-e915bec1-7fff-21b0-68c6-c0bf9d608462\"><span style=\"font-size: 11pt;font-family: Arial, sans-serif;color: #000000;background-color: transparent;vertical-align: baseline\">Hastes Flex\u00edveis de Bambu com Algod\u00e3o Biodegrad\u00e1ve<\/span><\/span><\/p>\n","protected":false},"featured_media":1729,"comment_status":"open","ping_status":"closed","template":"","meta":[],"product_cat":[100,103],"product_tag":[],"class_list":["post-1505","product","type-product","status-publish","has-post-thumbnail","hentry","product_cat-bio-health","product_cat-saude"],"_links":{"self":[{"href":"https:\/\/institutogayatrispa.com.br\/loja\/wp-json\/wp\/v2\/product\/1505","targetHints":{"allow":["GET"]}}],"collection":[{"href":"https:\/\/institutogayatrispa.com.br\/loja\/wp-json\/wp\/v2\/product"}],"about":[{"href":"https:\/\/institutogayatrispa.com.br\/loja\/wp-json\/wp\/v2\/types\/product"}],"replies":[{"embeddable":true,"href":"https:\/\/institutogayatrispa.com.br\/loja\/wp-json\/wp\/v2\/comments?post=1505"}],"wp:featuredmedia":[{"embeddable":true,"href":"https:\/\/institutogayatrispa.com.br\/loja\/wp-json\/wp\/v2\/media\/1729"}],"wp:attachment":[{"href":"https:\/\/institutogayatrispa.com.br\/loja\/wp-json\/wp\/v2\/media?parent=1505"}],"wp:term":[{"taxonomy":"product_cat","embeddable":true,"href":"https:\/\/institutogayatrispa.com.br\/loja\/wp-json\/wp\/v2\/product_cat?post=1505"},{"taxonomy":"product_tag","embeddable":true,"href":"https:\/\/institutogayatrispa.com.br\/loja\/wp-json\/wp\/v2\/product_tag?post=1505"}],"curies":[{"name":"wp","href":"https:\/\/api.w.org\/{rel}","templated":true}]}}