{"id":1517,"date":"2023-12-11T17:10:51","date_gmt":"2023-12-11T20:10:51","guid":{"rendered":"https:\/\/institutogayatrispa.com.br\/loja\/produto\/raspador-de-lingua-alva-infantil\/"},"modified":"2024-05-02T17:32:40","modified_gmt":"2024-05-02T20:32:40","slug":"raspador-de-lingua-alva-infantil","status":"publish","type":"product","link":"https:\/\/institutogayatrispa.com.br\/loja\/produto\/raspador-de-lingua-alva-infantil\/","title":{"rendered":"RASPADOR DE LINGUA DE COBRE INFANTIL &#8211; ALVA"},"content":{"rendered":"<p><span id=\"docs-internal-guid-064cb07a-7fff-b80d-b6e3-615cb0e2f17c\"><span style=\"font-size: 11pt;font-family: Arial, sans-serif;color: #000000;background-color: transparent;vertical-align: baseline\">Raspar a l\u00edngua com o raspador de l\u00edngua de cobre da Alva \u00e9 a maneira mais eficaz de remover as impurezas da boca.<\/span><\/span><\/p>\n","protected":false},"excerpt":{"rendered":"<p><span id=\"docs-internal-guid-323750a8-7fff-b265-f4b2-cc6f30fba792\"><span style=\"font-size: 11pt;font-family: Arial, sans-serif;color: #000000;background-color: transparent;vertical-align: baseline\">RASPADOR DE L\u00cdNGUA DE COBRE ALVA<\/span><\/span><\/p>\n","protected":false},"featured_media":1706,"comment_status":"open","ping_status":"closed","template":"","meta":[],"product_cat":[100,111],"product_tag":[],"class_list":["post-1517","product","type-product","status-publish","has-post-thumbnail","hentry","product_cat-bio-health","product_cat-raspador"],"_links":{"self":[{"href":"https:\/\/institutogayatrispa.com.br\/loja\/wp-json\/wp\/v2\/product\/1517","targetHints":{"allow":["GET"]}}],"collection":[{"href":"https:\/\/institutogayatrispa.com.br\/loja\/wp-json\/wp\/v2\/product"}],"about":[{"href":"https:\/\/institutogayatrispa.com.br\/loja\/wp-json\/wp\/v2\/types\/product"}],"replies":[{"embeddable":true,"href":"https:\/\/institutogayatrispa.com.br\/loja\/wp-json\/wp\/v2\/comments?post=1517"}],"wp:featuredmedia":[{"embeddable":true,"href":"https:\/\/institutogayatrispa.com.br\/loja\/wp-json\/wp\/v2\/media\/1706"}],"wp:attachment":[{"href":"https:\/\/institutogayatrispa.com.br\/loja\/wp-json\/wp\/v2\/media?parent=1517"}],"wp:term":[{"taxonomy":"product_cat","embeddable":true,"href":"https:\/\/institutogayatrispa.com.br\/loja\/wp-json\/wp\/v2\/product_cat?post=1517"},{"taxonomy":"product_tag","embeddable":true,"href":"https:\/\/institutogayatrispa.com.br\/loja\/wp-json\/wp\/v2\/product_tag?post=1517"}],"curies":[{"name":"wp","href":"https:\/\/api.w.org\/{rel}","templated":true}]}}