{"id":1520,"date":"2023-12-12T14:19:20","date_gmt":"2023-12-12T17:19:20","guid":{"rendered":"https:\/\/institutogayatrispa.com.br\/loja\/produto\/medicina-dr-antunes-cabovital\/"},"modified":"2024-07-02T17:51:34","modified_gmt":"2024-07-02T20:51:34","slug":"medicina-dr-antunes-cabovital","status":"publish","type":"product","link":"https:\/\/institutogayatrispa.com.br\/loja\/produto\/medicina-dr-antunes-cabovital\/","title":{"rendered":"MEDICINA DR. ANTUNES &#8211; CARBOVITAL"},"content":{"rendered":"<p>\u00a0<\/p>\n<p dir=\"ltr\" style=\"line-height: 1.38;margin-top: 0pt;margin-bottom: 0pt\"><span style=\"font-size: 11pt;font-family: Arial,sans-serif;color: #000000;background-color: transparent;font-weight: 400;font-style: normal;font-variant: normal;text-decoration: none;vertical-align: baseline\">O CARBOVITAL \u00e9 uma medicina natural que desintoxica o intestino das subst\u00e2ncias que causaram desarmonias e ao mesmo tempo ele restaura a energia perdida. Sua composi\u00e7\u00e3o mineral na propor\u00e7\u00e3o correta para uso interno, faz desse produto um energ\u00e9tico que potencializa rapidamente as reservas vitais e reequilibra toda a flora intestinal.<\/span><\/p>\n","protected":false},"excerpt":{"rendered":"<p>\u00a0<\/p>\n<p dir=\"ltr\" style=\"line-height: 1.38;margin-top: 0pt;margin-bottom: 0pt\"><span style=\"font-size: 11pt;font-family: Arial,sans-serif;color: #000000;background-color: transparent;font-weight: 400;font-style: normal;font-variant: normal;text-decoration: none;vertical-align: baseline\">Medicina Natural para tratamentos de desarmonias\u00a0<\/span><\/p>\n","protected":false},"featured_media":1519,"comment_status":"open","ping_status":"closed","template":"","meta":[],"product_cat":[100,108],"product_tag":[],"class_list":["post-1520","product","type-product","status-publish","has-post-thumbnail","hentry","product_cat-bio-health","product_cat-medicina-natural"],"_links":{"self":[{"href":"https:\/\/institutogayatrispa.com.br\/loja\/wp-json\/wp\/v2\/product\/1520","targetHints":{"allow":["GET"]}}],"collection":[{"href":"https:\/\/institutogayatrispa.com.br\/loja\/wp-json\/wp\/v2\/product"}],"about":[{"href":"https:\/\/institutogayatrispa.com.br\/loja\/wp-json\/wp\/v2\/types\/product"}],"replies":[{"embeddable":true,"href":"https:\/\/institutogayatrispa.com.br\/loja\/wp-json\/wp\/v2\/comments?post=1520"}],"wp:featuredmedia":[{"embeddable":true,"href":"https:\/\/institutogayatrispa.com.br\/loja\/wp-json\/wp\/v2\/media\/1519"}],"wp:attachment":[{"href":"https:\/\/institutogayatrispa.com.br\/loja\/wp-json\/wp\/v2\/media?parent=1520"}],"wp:term":[{"taxonomy":"product_cat","embeddable":true,"href":"https:\/\/institutogayatrispa.com.br\/loja\/wp-json\/wp\/v2\/product_cat?post=1520"},{"taxonomy":"product_tag","embeddable":true,"href":"https:\/\/institutogayatrispa.com.br\/loja\/wp-json\/wp\/v2\/product_tag?post=1520"}],"curies":[{"name":"wp","href":"https:\/\/api.w.org\/{rel}","templated":true}]}}