{"id":1642,"date":"2023-12-21T11:13:03","date_gmt":"2023-12-21T14:13:03","guid":{"rendered":"https:\/\/institutogayatrispa.com.br\/loja\/produto\/medicina-dr-antunes-fa\/"},"modified":"2024-07-02T17:51:32","modified_gmt":"2024-07-02T20:51:32","slug":"medicina-dr-antunes-fa","status":"publish","type":"product","link":"https:\/\/institutogayatrispa.com.br\/loja\/produto\/medicina-dr-antunes-fa\/","title":{"rendered":"MEDICINA DR. ANTUNES &#8211; FA"},"content":{"rendered":"<p>A SOLU\u00c7\u00c3O REGENERADORA (FA) \u00e9 um importante aliado TEM COMO OBJETIVO PROMOVER ESSA LIMPEZA.<\/p>\n","protected":false},"excerpt":{"rendered":"<p>Medicina Natural para tratamentos de desarmonias<\/p>\n","protected":false},"featured_media":1786,"comment_status":"open","ping_status":"closed","template":"","meta":[],"product_cat":[100,108,103],"product_tag":[],"class_list":["post-1642","product","type-product","status-publish","has-post-thumbnail","hentry","product_cat-bio-health","product_cat-medicina-natural","product_cat-saude"],"_links":{"self":[{"href":"https:\/\/institutogayatrispa.com.br\/loja\/wp-json\/wp\/v2\/product\/1642","targetHints":{"allow":["GET"]}}],"collection":[{"href":"https:\/\/institutogayatrispa.com.br\/loja\/wp-json\/wp\/v2\/product"}],"about":[{"href":"https:\/\/institutogayatrispa.com.br\/loja\/wp-json\/wp\/v2\/types\/product"}],"replies":[{"embeddable":true,"href":"https:\/\/institutogayatrispa.com.br\/loja\/wp-json\/wp\/v2\/comments?post=1642"}],"wp:featuredmedia":[{"embeddable":true,"href":"https:\/\/institutogayatrispa.com.br\/loja\/wp-json\/wp\/v2\/media\/1786"}],"wp:attachment":[{"href":"https:\/\/institutogayatrispa.com.br\/loja\/wp-json\/wp\/v2\/media?parent=1642"}],"wp:term":[{"taxonomy":"product_cat","embeddable":true,"href":"https:\/\/institutogayatrispa.com.br\/loja\/wp-json\/wp\/v2\/product_cat?post=1642"},{"taxonomy":"product_tag","embeddable":true,"href":"https:\/\/institutogayatrispa.com.br\/loja\/wp-json\/wp\/v2\/product_tag?post=1642"}],"curies":[{"name":"wp","href":"https:\/\/api.w.org\/{rel}","templated":true}]}}