{"id":1644,"date":"2023-12-21T14:06:23","date_gmt":"2023-12-21T17:06:23","guid":{"rendered":"https:\/\/institutogayatrispa.com.br\/loja\/produto\/medicina-dr-antunes-magnovital\/"},"modified":"2024-07-02T17:49:18","modified_gmt":"2024-07-02T20:49:18","slug":"medicina-dr-antunes-magnovital","status":"publish","type":"product","link":"https:\/\/institutogayatrispa.com.br\/loja\/produto\/medicina-dr-antunes-magnovital\/","title":{"rendered":"MEDICINA DR. ANTUNES &#8211; MAGNOVITAL"},"content":{"rendered":"<p><span id=\"docs-internal-guid-cbb05ee3-7fff-5df2-6c15-5df8104a9775\"><span style=\"font-size: 11pt;font-family: Arial, sans-serif;color: #000000;background-color: transparent;vertical-align: baseline\">O Magnovital \u00e9 um concentrado de mineral composto por oligoelementos naturais, que proporciona mineraliza\u00e7\u00e3o mais intensa, fortalecendo assim, o sistema imune. A defici\u00eancia de magn\u00e9sio no organismo pode levar a desarmonias bioqu\u00edmicas e sintom\u00e1ticas. O MAGNOVITAL auxilia na potencializa\u00e7\u00e3o das gl\u00e2ndulas inativas e pregui\u00e7osas. Auxilia no tratamento hormonal, como tire\u00f3ide, por exemplo, e \u00e9 um potente estimulante do p\u00e2ncreas, f\u00edgado, rins, ov\u00e1rio e \u00fatero<\/span><\/span><\/p>\n","protected":false},"excerpt":{"rendered":"<p>\u00a0<\/p>\n<p dir=\"ltr\" style=\"line-height: 1.38;margin-top: 0pt;margin-bottom: 0pt\"><span style=\"font-size: 11pt;font-family: Arial,sans-serif;color: #000000;background-color: transparent;font-weight: 400;font-style: normal;font-variant: normal;text-decoration: none;vertical-align: baseline\">Medicina Natural para tratamentos de desarmonias\u00a0<\/span><\/p>\n","protected":false},"featured_media":1785,"comment_status":"open","ping_status":"closed","template":"","meta":[],"product_cat":[100,108,103],"product_tag":[],"class_list":["post-1644","product","type-product","status-publish","has-post-thumbnail","hentry","product_cat-bio-health","product_cat-medicina-natural","product_cat-saude"],"_links":{"self":[{"href":"https:\/\/institutogayatrispa.com.br\/loja\/wp-json\/wp\/v2\/product\/1644","targetHints":{"allow":["GET"]}}],"collection":[{"href":"https:\/\/institutogayatrispa.com.br\/loja\/wp-json\/wp\/v2\/product"}],"about":[{"href":"https:\/\/institutogayatrispa.com.br\/loja\/wp-json\/wp\/v2\/types\/product"}],"replies":[{"embeddable":true,"href":"https:\/\/institutogayatrispa.com.br\/loja\/wp-json\/wp\/v2\/comments?post=1644"}],"wp:featuredmedia":[{"embeddable":true,"href":"https:\/\/institutogayatrispa.com.br\/loja\/wp-json\/wp\/v2\/media\/1785"}],"wp:attachment":[{"href":"https:\/\/institutogayatrispa.com.br\/loja\/wp-json\/wp\/v2\/media?parent=1644"}],"wp:term":[{"taxonomy":"product_cat","embeddable":true,"href":"https:\/\/institutogayatrispa.com.br\/loja\/wp-json\/wp\/v2\/product_cat?post=1644"},{"taxonomy":"product_tag","embeddable":true,"href":"https:\/\/institutogayatrispa.com.br\/loja\/wp-json\/wp\/v2\/product_tag?post=1644"}],"curies":[{"name":"wp","href":"https:\/\/api.w.org\/{rel}","templated":true}]}}