{"id":1649,"date":"2023-12-21T14:20:23","date_gmt":"2023-12-21T17:20:23","guid":{"rendered":"https:\/\/institutogayatrispa.com.br\/loja\/produto\/shampoo-solido-de-uso-diario-para-todos-os-tipos\/"},"modified":"2024-07-02T17:34:41","modified_gmt":"2024-07-02T20:34:41","slug":"shampoo-solido-de-uso-diario-para-todos-os-tipos","status":"publish","type":"product","link":"https:\/\/institutogayatrispa.com.br\/loja\/produto\/shampoo-solido-de-uso-diario-para-todos-os-tipos\/","title":{"rendered":"SHAMPOO SOLLIDO DE USO DI\u00c1RIO PARA TODOS OS TIPOS DE CABELO"},"content":{"rendered":"<p><span id=\"docs-internal-guid-02c51c13-7fff-0be3-0342-d184d624a9cc\"><span style=\"font-size: 11pt;font-family: Arial, sans-serif;color: #000000;background-color: transparent;vertical-align: baseline\">Esse shampoo solido em barra foi desenvolvido especialmente para quem ama lavar os cabelos todos os dias. Com a a\u00e7\u00e3o dos \u00f3leos de abacate e baba\u00e7u, esse shampoo em barra limpa sem ressecar e hidrata na medida certa para ser usado todos os dias.<\/span><\/span><\/p>\n","protected":false},"excerpt":{"rendered":"<p><span id=\"docs-internal-guid-911e4685-7fff-02c3-260b-403a544cf34c\"><span style=\"font-size: 11pt;font-family: Arial, sans-serif;color: #000000;background-color: transparent;vertical-align: baseline\">Shampoo em Barra, Shampoo e Condicionador Natural<\/span><\/span><\/p>\n","protected":false},"featured_media":1783,"comment_status":"open","ping_status":"closed","template":"","meta":[],"product_cat":[97,105],"product_tag":[],"class_list":["post-1649","product","type-product","status-publish","has-post-thumbnail","hentry","product_cat-bio-beauty","product_cat-shampo-e-condicionador"],"_links":{"self":[{"href":"https:\/\/institutogayatrispa.com.br\/loja\/wp-json\/wp\/v2\/product\/1649","targetHints":{"allow":["GET"]}}],"collection":[{"href":"https:\/\/institutogayatrispa.com.br\/loja\/wp-json\/wp\/v2\/product"}],"about":[{"href":"https:\/\/institutogayatrispa.com.br\/loja\/wp-json\/wp\/v2\/types\/product"}],"replies":[{"embeddable":true,"href":"https:\/\/institutogayatrispa.com.br\/loja\/wp-json\/wp\/v2\/comments?post=1649"}],"wp:featuredmedia":[{"embeddable":true,"href":"https:\/\/institutogayatrispa.com.br\/loja\/wp-json\/wp\/v2\/media\/1783"}],"wp:attachment":[{"href":"https:\/\/institutogayatrispa.com.br\/loja\/wp-json\/wp\/v2\/media?parent=1649"}],"wp:term":[{"taxonomy":"product_cat","embeddable":true,"href":"https:\/\/institutogayatrispa.com.br\/loja\/wp-json\/wp\/v2\/product_cat?post=1649"},{"taxonomy":"product_tag","embeddable":true,"href":"https:\/\/institutogayatrispa.com.br\/loja\/wp-json\/wp\/v2\/product_tag?post=1649"}],"curies":[{"name":"wp","href":"https:\/\/api.w.org\/{rel}","templated":true}]}}