{"id":165,"date":"2023-04-21T07:12:27","date_gmt":"2023-04-21T10:12:27","guid":{"rendered":"https:\/\/institutogayatrispa.com.br\/loja\/?post_type=product&#038;p=165"},"modified":"2023-10-09T14:38:14","modified_gmt":"2023-10-09T17:38:14","slug":"abajour-turco-3","status":"publish","type":"product","link":"https:\/\/institutogayatrispa.com.br\/loja\/produto\/abajour-turco-3\/","title":{"rendered":"Abajour Turco"},"content":{"rendered":"<p>Traga as cores e belezas da Turquia para sua casa com nossa linha de lumin\u00e1rias e abajures turcos em mosaicos!<br \/>\nArte decorativa feita artesanalmente na Turquia.<br \/>\nPe\u00e7a com parte el\u00e9trica completa (bocal, fia\u00e7\u00e3o, bot\u00e3o on\/off e plug tomada). Bivolt.<br \/>\nOs abajures possuem um excelente acabamento e design sofisticado, acrescentando um toque de delicadeza \u00fanico \u00e0 sua sala ou quarto.<\/p>\n","protected":false},"excerpt":{"rendered":"<p>Os diversos tons do mosaico proporcionam belos efeitos luminosos em seu ambiente. Abajur Turco!<\/p>\n","protected":false},"featured_media":249,"comment_status":"open","ping_status":"closed","template":"","meta":[],"product_cat":[31,17],"product_tag":[],"class_list":["post-165","product","type-product","status-publish","has-post-thumbnail","hentry","product_cat-abajour-turco","product_cat-decor-home"],"_links":{"self":[{"href":"https:\/\/institutogayatrispa.com.br\/loja\/wp-json\/wp\/v2\/product\/165","targetHints":{"allow":["GET"]}}],"collection":[{"href":"https:\/\/institutogayatrispa.com.br\/loja\/wp-json\/wp\/v2\/product"}],"about":[{"href":"https:\/\/institutogayatrispa.com.br\/loja\/wp-json\/wp\/v2\/types\/product"}],"replies":[{"embeddable":true,"href":"https:\/\/institutogayatrispa.com.br\/loja\/wp-json\/wp\/v2\/comments?post=165"}],"wp:featuredmedia":[{"embeddable":true,"href":"https:\/\/institutogayatrispa.com.br\/loja\/wp-json\/wp\/v2\/media\/249"}],"wp:attachment":[{"href":"https:\/\/institutogayatrispa.com.br\/loja\/wp-json\/wp\/v2\/media?parent=165"}],"wp:term":[{"taxonomy":"product_cat","embeddable":true,"href":"https:\/\/institutogayatrispa.com.br\/loja\/wp-json\/wp\/v2\/product_cat?post=165"},{"taxonomy":"product_tag","embeddable":true,"href":"https:\/\/institutogayatrispa.com.br\/loja\/wp-json\/wp\/v2\/product_tag?post=165"}],"curies":[{"name":"wp","href":"https:\/\/api.w.org\/{rel}","templated":true}]}}