{"id":1655,"date":"2023-12-21T14:40:50","date_gmt":"2023-12-21T17:40:50","guid":{"rendered":"https:\/\/institutogayatrispa.com.br\/loja\/produto\/shampoo-solido-para-cabelos-normais-e-secos\/"},"modified":"2024-07-02T17:22:12","modified_gmt":"2024-07-02T20:22:12","slug":"shampoo-solido-para-cabelos-normais-e-secos","status":"publish","type":"product","link":"https:\/\/institutogayatrispa.com.br\/loja\/produto\/shampoo-solido-para-cabelos-normais-e-secos\/","title":{"rendered":"SHAMPOO SOLLIDO PARA CABELOS NORMAIS E SECOS"},"content":{"rendered":"<p><span id=\"docs-internal-guid-4d564485-7fff-2442-1828-af978e16061d\"><span style=\"font-size: 11pt;font-family: Arial, sans-serif;color: #000000;background-color: transparent;vertical-align: baseline\">Se o seu cabelo \u00e9 normal a seco, tudo o que ele precisa \u00e9 uma dose extra de hidrata\u00e7\u00e3o desse shampoo solido. Com uma f\u00f3rmula que hidrata sem pesar, esse shampoo em barra vegano tem a combina\u00e7\u00e3o de \u00f3leo de r\u00edcino com manteiga de cupua\u00e7u. De quebra, o \u00f3leo de laranja doce garante nutri\u00e7\u00e3o extra<\/span><\/span><\/p>\n","protected":false},"excerpt":{"rendered":"<p><span id=\"docs-internal-guid-ef93a7df-7fff-a0c9-25ff-6cac0384a5a6\"><span style=\"font-size: 11pt;font-family: Arial, sans-serif;color: #000000;background-color: transparent;vertical-align: baseline\">Shampoo e Condicionador Natural, Shampoo em barra\u00a0 \u2013 Para cabelos que precisam de uma limpeza a mais. Esse shampoo aqui \u00e9 uma \u00f3tima escolha para os cabelos finos e com tend\u00eancia \u00e0 oleosidade.<\/span><\/span><\/p>\n","protected":false},"featured_media":1774,"comment_status":"open","ping_status":"closed","template":"","meta":[],"product_cat":[97,105],"product_tag":[],"class_list":["post-1655","product","type-product","status-publish","has-post-thumbnail","hentry","product_cat-bio-beauty","product_cat-shampo-e-condicionador"],"_links":{"self":[{"href":"https:\/\/institutogayatrispa.com.br\/loja\/wp-json\/wp\/v2\/product\/1655","targetHints":{"allow":["GET"]}}],"collection":[{"href":"https:\/\/institutogayatrispa.com.br\/loja\/wp-json\/wp\/v2\/product"}],"about":[{"href":"https:\/\/institutogayatrispa.com.br\/loja\/wp-json\/wp\/v2\/types\/product"}],"replies":[{"embeddable":true,"href":"https:\/\/institutogayatrispa.com.br\/loja\/wp-json\/wp\/v2\/comments?post=1655"}],"wp:featuredmedia":[{"embeddable":true,"href":"https:\/\/institutogayatrispa.com.br\/loja\/wp-json\/wp\/v2\/media\/1774"}],"wp:attachment":[{"href":"https:\/\/institutogayatrispa.com.br\/loja\/wp-json\/wp\/v2\/media?parent=1655"}],"wp:term":[{"taxonomy":"product_cat","embeddable":true,"href":"https:\/\/institutogayatrispa.com.br\/loja\/wp-json\/wp\/v2\/product_cat?post=1655"},{"taxonomy":"product_tag","embeddable":true,"href":"https:\/\/institutogayatrispa.com.br\/loja\/wp-json\/wp\/v2\/product_tag?post=1655"}],"curies":[{"name":"wp","href":"https:\/\/api.w.org\/{rel}","templated":true}]}}