{"id":1657,"date":"2023-12-21T14:43:34","date_gmt":"2023-12-21T17:43:34","guid":{"rendered":"https:\/\/institutogayatrispa.com.br\/loja\/produto\/shampoo-solido-para-cabelos-mistos-e-olesoso\/"},"modified":"2024-07-02T17:26:47","modified_gmt":"2024-07-02T20:26:47","slug":"shampoo-solido-para-cabelos-mistos-e-olesoso","status":"publish","type":"product","link":"https:\/\/institutogayatrispa.com.br\/loja\/produto\/shampoo-solido-para-cabelos-mistos-e-olesoso\/","title":{"rendered":"SHAMPOO SOLLIDO PARA CABELOS MISTOS E OLESOSOS"},"content":{"rendered":"<p><span id=\"docs-internal-guid-63ec8d23-7fff-a9ea-5640-78fa91845d4d\"><span style=\"font-size: 11pt;font-family: Arial, sans-serif;color: #000000;background-color: transparent;vertical-align: baseline\">A f\u00f3rmula do shampoo em barra para cabelos mistos foi pensada para cabelos que precisam de uma limpeza extra. Esse shampoo em barra vegano \u00e9 uma \u00f3tima escolha para os cabelos finos e com tend\u00eancia \u00e0 oleosidade, pois limpa em profundidade e sem ressecar. Al\u00e9m disso, o shampoo s\u00f3lido para cabelos mistos e oleosos balanceia a oleosidade sem causar efeito rebote, t\u00e3o comum dos shampoos para este tipo de cabelo. O extrato de alecrim juntamente com a argila verde tem efeito adstringente, al\u00e9m disso, o \u00f3leo de capim lim\u00e3o garante fios limpos, macios e saud\u00e1veis.<\/span><\/span><\/p>\n","protected":false},"excerpt":{"rendered":"<p><span id=\"docs-internal-guid-ef93a7df-7fff-a0c9-25ff-6cac0384a5a6\"><span style=\"font-size: 11pt;font-family: Arial, sans-serif;color: #000000;background-color: transparent;vertical-align: baseline\">Shampoo e Condicionador Natural, Shampoo em barra\u00a0 \u2013 Para cabelos que precisam de uma limpeza a mais. Esse shampoo aqui \u00e9 uma \u00f3tima escolha para os cabelos finos e com tend\u00eancia \u00e0 oleosidade.<\/span><\/span><\/p>\n","protected":false},"featured_media":1777,"comment_status":"open","ping_status":"closed","template":"","meta":[],"product_cat":[97,105],"product_tag":[],"class_list":["post-1657","product","type-product","status-publish","has-post-thumbnail","hentry","product_cat-bio-beauty","product_cat-shampo-e-condicionador"],"_links":{"self":[{"href":"https:\/\/institutogayatrispa.com.br\/loja\/wp-json\/wp\/v2\/product\/1657","targetHints":{"allow":["GET"]}}],"collection":[{"href":"https:\/\/institutogayatrispa.com.br\/loja\/wp-json\/wp\/v2\/product"}],"about":[{"href":"https:\/\/institutogayatrispa.com.br\/loja\/wp-json\/wp\/v2\/types\/product"}],"replies":[{"embeddable":true,"href":"https:\/\/institutogayatrispa.com.br\/loja\/wp-json\/wp\/v2\/comments?post=1657"}],"wp:featuredmedia":[{"embeddable":true,"href":"https:\/\/institutogayatrispa.com.br\/loja\/wp-json\/wp\/v2\/media\/1777"}],"wp:attachment":[{"href":"https:\/\/institutogayatrispa.com.br\/loja\/wp-json\/wp\/v2\/media?parent=1657"}],"wp:term":[{"taxonomy":"product_cat","embeddable":true,"href":"https:\/\/institutogayatrispa.com.br\/loja\/wp-json\/wp\/v2\/product_cat?post=1657"},{"taxonomy":"product_tag","embeddable":true,"href":"https:\/\/institutogayatrispa.com.br\/loja\/wp-json\/wp\/v2\/product_tag?post=1657"}],"curies":[{"name":"wp","href":"https:\/\/api.w.org\/{rel}","templated":true}]}}