{"id":1660,"date":"2023-12-21T15:05:15","date_gmt":"2023-12-21T18:05:15","guid":{"rendered":"https:\/\/institutogayatrispa.com.br\/loja\/produto\/condionador-solido-de-uso-diario-para-todos-os-tipos-2\/"},"modified":"2024-07-02T17:31:12","modified_gmt":"2024-07-02T20:31:12","slug":"condionador-solido-de-uso-diario-para-todos-os-tipos-2","status":"publish","type":"product","link":"https:\/\/institutogayatrispa.com.br\/loja\/produto\/condionador-solido-de-uso-diario-para-todos-os-tipos-2\/","title":{"rendered":"CONDICIONADOR DE USO DI\u00c1RIO PARA TODOS OS TIPOS &#8211; SOLLIDO 55g"},"content":{"rendered":"<p><span id=\"docs-internal-guid-7367ab50-7fff-1fa9-31dd-dc5fec6c0b15\"><span style=\"font-size: 11pt;font-family: Arial, sans-serif;color: #000000;background-color: transparent;vertical-align: baseline\">Com o condicionador s\u00f3lido vegano seus cabelos ganhar\u00e3o brilho instant\u00e2neo. Use diariamente e mais uma vez ao dia. Reponha os nutrientes necess\u00e1rios com a f\u00f3rmula especial e org\u00e2nica desse condicionador em barra e tenha fios saud\u00e1veis e macios<\/span><\/span><\/p>\n","protected":false},"excerpt":{"rendered":"<p dir=\"ltr\" style=\"line-height: 1.38;margin-top: 0pt;margin-bottom: 0pt\"><span style=\"font-size: 11pt;font-family: Arial,sans-serif;color: #000000;background-color: transparent;font-weight: 400;font-style: normal;font-variant: normal;text-decoration: none;vertical-align: baseline\">Condicionador em Barra, Shampoo e Condicionador Natural \u2013 Para garantir maciez para todos os tipos de fios, basta usar este condicionador na dose certa! Ele hidrata, nutre e desembara\u00e7a com facilidade<\/span><\/p>\n","protected":false},"featured_media":1781,"comment_status":"open","ping_status":"closed","template":"","meta":[],"product_cat":[97,105],"product_tag":[],"class_list":["post-1660","product","type-product","status-publish","has-post-thumbnail","hentry","product_cat-bio-beauty","product_cat-shampo-e-condicionador"],"_links":{"self":[{"href":"https:\/\/institutogayatrispa.com.br\/loja\/wp-json\/wp\/v2\/product\/1660","targetHints":{"allow":["GET"]}}],"collection":[{"href":"https:\/\/institutogayatrispa.com.br\/loja\/wp-json\/wp\/v2\/product"}],"about":[{"href":"https:\/\/institutogayatrispa.com.br\/loja\/wp-json\/wp\/v2\/types\/product"}],"replies":[{"embeddable":true,"href":"https:\/\/institutogayatrispa.com.br\/loja\/wp-json\/wp\/v2\/comments?post=1660"}],"wp:featuredmedia":[{"embeddable":true,"href":"https:\/\/institutogayatrispa.com.br\/loja\/wp-json\/wp\/v2\/media\/1781"}],"wp:attachment":[{"href":"https:\/\/institutogayatrispa.com.br\/loja\/wp-json\/wp\/v2\/media?parent=1660"}],"wp:term":[{"taxonomy":"product_cat","embeddable":true,"href":"https:\/\/institutogayatrispa.com.br\/loja\/wp-json\/wp\/v2\/product_cat?post=1660"},{"taxonomy":"product_tag","embeddable":true,"href":"https:\/\/institutogayatrispa.com.br\/loja\/wp-json\/wp\/v2\/product_tag?post=1660"}],"curies":[{"name":"wp","href":"https:\/\/api.w.org\/{rel}","templated":true}]}}