{"id":1664,"date":"2023-12-21T15:07:33","date_gmt":"2023-12-21T18:07:33","guid":{"rendered":"https:\/\/institutogayatrispa.com.br\/loja\/produto\/condicionador-alecrim-menta-cabelos-mistos-a-oleosos-alva\/"},"modified":"2024-05-02T17:06:59","modified_gmt":"2024-05-02T20:06:59","slug":"condicionador-alecrim-menta-cabelos-mistos-a-oleosos-alva","status":"publish","type":"product","link":"https:\/\/institutogayatrispa.com.br\/loja\/produto\/condicionador-alecrim-menta-cabelos-mistos-a-oleosos-alva\/","title":{"rendered":"CONDICIONADOR ALECRIM E MENTA \u2013 CABELOS MISTOS A OLEOSOS ALVA"},"content":{"rendered":"<p><span id=\"docs-internal-guid-7355b5ff-7fff-33cb-f464-0032eb5ec009\"><span style=\"font-size: 11pt;font-family: Arial, sans-serif;color: #000000;background-color: transparent;vertical-align: baseline\">A combina\u00e7\u00e3o dos \u00f3leos essenciais do Condicionador Lavanda e Baunilha 250ml promovem maciez, hidrata\u00e7\u00e3o e nutri\u00e7\u00e3o a cabelos normais a secos. O aroma inebriante proporciona aquela sensa\u00e7\u00e3o reconfortante.<\/span><\/span><\/p>\n","protected":false},"excerpt":{"rendered":"<p dir=\"ltr\" style=\"line-height: 1.38;margin-top: 0pt;margin-bottom: 0pt\">\u00a0<\/p>\n<p dir=\"ltr\" style=\"line-height: 1.38;margin-top: 0pt;margin-bottom: 0pt\"><span style=\"font-size: 11pt;font-family: Arial,sans-serif;color: #000000;background-color: transparent;font-weight: 400;font-style: normal;font-variant: normal;text-decoration: none;vertical-align: baseline\">Shampo e Condicionador Natural \u2013 O \u00f3leo essencial de lavanda sela cut\u00edculas controlando o frizz, auxilia no crescimento de fios saud\u00e1veis, promove maciez e for\u00e7a as madeixas.<\/span><\/p>\n","protected":false},"featured_media":1702,"comment_status":"open","ping_status":"closed","template":"","meta":[],"product_cat":[97,105],"product_tag":[],"class_list":["post-1664","product","type-product","status-publish","has-post-thumbnail","hentry","product_cat-bio-beauty","product_cat-shampo-e-condicionador"],"_links":{"self":[{"href":"https:\/\/institutogayatrispa.com.br\/loja\/wp-json\/wp\/v2\/product\/1664","targetHints":{"allow":["GET"]}}],"collection":[{"href":"https:\/\/institutogayatrispa.com.br\/loja\/wp-json\/wp\/v2\/product"}],"about":[{"href":"https:\/\/institutogayatrispa.com.br\/loja\/wp-json\/wp\/v2\/types\/product"}],"replies":[{"embeddable":true,"href":"https:\/\/institutogayatrispa.com.br\/loja\/wp-json\/wp\/v2\/comments?post=1664"}],"wp:featuredmedia":[{"embeddable":true,"href":"https:\/\/institutogayatrispa.com.br\/loja\/wp-json\/wp\/v2\/media\/1702"}],"wp:attachment":[{"href":"https:\/\/institutogayatrispa.com.br\/loja\/wp-json\/wp\/v2\/media?parent=1664"}],"wp:term":[{"taxonomy":"product_cat","embeddable":true,"href":"https:\/\/institutogayatrispa.com.br\/loja\/wp-json\/wp\/v2\/product_cat?post=1664"},{"taxonomy":"product_tag","embeddable":true,"href":"https:\/\/institutogayatrispa.com.br\/loja\/wp-json\/wp\/v2\/product_tag?post=1664"}],"curies":[{"name":"wp","href":"https:\/\/api.w.org\/{rel}","templated":true}]}}