{"id":168,"date":"2023-04-21T07:12:27","date_gmt":"2023-04-21T10:12:27","guid":{"rendered":"https:\/\/institutogayatrispa.com.br\/loja\/?post_type=product&#038;p=168"},"modified":"2023-10-09T17:40:47","modified_gmt":"2023-10-09T20:40:47","slug":"tapete-mandala-dalia-roxo","status":"publish","type":"product","link":"https:\/\/institutogayatrispa.com.br\/loja\/produto\/tapete-mandala-dalia-roxo\/","title":{"rendered":"Tapete Mandala D\u00e1lia Roxo"},"content":{"rendered":"<p>Sou fabricado com verso em material emborrachado, antiderrapante, e super-resistente. Tenho 1.5mm de espessura!<br \/>\nNa parte superior eu fui agraciado com um veludo premium, com pelos curtos, que n\u00e3o acumulam muita poeira e sujeira! Sou confort\u00e1vel, com toque macio e aconchegante.<br \/>\nMeu corte \u00e9 especial, em formato de mandala, com direito a muitas curvas.<br \/>\nMeu design, minhas estampas e meus detalhes, foram cuidadosamente pensados e elaborados por um time de apaixonados pela vida, pelo yoga e medita\u00e7\u00e3o! Minha estampa \u00e9 de um colorido vivo, e feita com tinta \u00e0 base d&#8217;\u00e1gua que n\u00e3o desbota com o uso e nem com lavagens!<br \/>\nCom di\u00e2metro aproximado de 138 cm, sou bem grand\u00e3o, pra chamar bastante aten\u00e7\u00e3o e alegrar o ambiente.<br \/>\nCuidados:<\/p>\n<p>Para me limpar, voc\u00ea pode me lavar com \u00e1gua fria, sab\u00e3o neutro ou natural, e me deixar secando pendurado \u00e0 sombra! Utilize uma esponja macia, e me lave como lava a sua pele! Voc\u00ea ver\u00e1 como eu fico novinho em folha!<br \/>\nN\u00e3o posso ficar exposto diretamente ao sol, por longos per\u00edodos! O sol sim, pode desgastar minhas fibras e com o tempo, desbotar minha estampa.  Em \u00e1rea externa, me coloque embaixo de \u00e1reas cobertas com sombra!<\/p>\n","protected":false},"excerpt":{"rendered":"<p>A Flor D\u00e1lia representa reconhecimento, harmonia, gentileza e em muitos pa\u00edses \u00e9 um s\u00edmbolo de uni\u00e3o!<br \/>\nDescri\u00e7\u00e3o r\u00e1pida:<br \/>\n&#8211; Parte Superior em Veludo Premium, com cerdas baixas que n\u00e3o acumulam poeira.<br \/>\n&#8211; Verso emborrachado antiderrapante.<br \/>\n&#8211; Espessura de 1.5mm, que cabe embaixo da maioria das portas.<br \/>\n&#8211; Di\u00e2metro aproximado de 1,38.<br \/>\n&#8211; Lindas colora\u00e7\u00f5es que n\u00e3o desbotam com uso ou lavagens.<br \/>\n&#8211; Superf\u00edcie super resistente, inclusive a abras\u00e3o de Pets!<br \/>\n&#8211; F\u00e1cil de Lavar e Secagem R\u00e1pida.<br \/>\n&#8211; Produ\u00e7\u00e3o Nacional e Respons\u00e1vel com Patente Requerida.<\/p>\n","protected":false},"featured_media":261,"comment_status":"open","ping_status":"closed","template":"","meta":[],"product_cat":[17,49],"product_tag":[],"class_list":["post-168","product","type-product","status-publish","has-post-thumbnail","hentry","product_cat-decor-home","product_cat-tapetes"],"_links":{"self":[{"href":"https:\/\/institutogayatrispa.com.br\/loja\/wp-json\/wp\/v2\/product\/168","targetHints":{"allow":["GET"]}}],"collection":[{"href":"https:\/\/institutogayatrispa.com.br\/loja\/wp-json\/wp\/v2\/product"}],"about":[{"href":"https:\/\/institutogayatrispa.com.br\/loja\/wp-json\/wp\/v2\/types\/product"}],"replies":[{"embeddable":true,"href":"https:\/\/institutogayatrispa.com.br\/loja\/wp-json\/wp\/v2\/comments?post=168"}],"wp:featuredmedia":[{"embeddable":true,"href":"https:\/\/institutogayatrispa.com.br\/loja\/wp-json\/wp\/v2\/media\/261"}],"wp:attachment":[{"href":"https:\/\/institutogayatrispa.com.br\/loja\/wp-json\/wp\/v2\/media?parent=168"}],"wp:term":[{"taxonomy":"product_cat","embeddable":true,"href":"https:\/\/institutogayatrispa.com.br\/loja\/wp-json\/wp\/v2\/product_cat?post=168"},{"taxonomy":"product_tag","embeddable":true,"href":"https:\/\/institutogayatrispa.com.br\/loja\/wp-json\/wp\/v2\/product_tag?post=168"}],"curies":[{"name":"wp","href":"https:\/\/api.w.org\/{rel}","templated":true}]}}