{"id":1704,"date":"2024-05-02T17:09:41","date_gmt":"2024-05-02T20:09:41","guid":{"rendered":"https:\/\/institutogayatrispa.com.br\/loja\/produto\/creme-corporal-hidratante-lavanda-e-baunilha-alva\/"},"modified":"2024-05-24T15:47:45","modified_gmt":"2024-05-24T18:47:45","slug":"creme-corporal-hidratante-lavanda-e-baunilha-alva","status":"publish","type":"product","link":"https:\/\/institutogayatrispa.com.br\/loja\/produto\/creme-corporal-hidratante-lavanda-e-baunilha-alva\/","title":{"rendered":"CREME CORPORAL HIDRATANTE &#8211; LAVANDA E BAUNILHA ALVA"},"content":{"rendered":"<p class=\"MsoNormal\">Benef\u00edcios da Lavanda: Previne o envelhecimento precoce, a\u00e7\u00e3o antiss\u00e9ptica e anti-inflamat\u00f3ria, calmante natural para peles que sens\u00edveis ou queimaduras de sol.<\/p>\n<p class=\"MsoNormal\">Livre de Parabenos, Silicones e Sulfatos.<\/p>\n","protected":false},"excerpt":{"rendered":"<p class=\"MsoNormal\">Com uma f\u00f3rmula 100% natural, o Creme Corporal Lavanda &amp; Baunilha proporciona uma hidrata\u00e7\u00e3o intensa, deixando sua pele aveludada e ajudando a suavizar cicatrizes, al\u00e9m de acalmar peles irritadas ou queimadas pelo sol.<\/p>\n","protected":false},"featured_media":1737,"comment_status":"open","ping_status":"closed","template":"","meta":[],"product_cat":[97],"product_tag":[],"class_list":["post-1704","product","type-product","status-publish","has-post-thumbnail","hentry","product_cat-bio-beauty"],"_links":{"self":[{"href":"https:\/\/institutogayatrispa.com.br\/loja\/wp-json\/wp\/v2\/product\/1704","targetHints":{"allow":["GET"]}}],"collection":[{"href":"https:\/\/institutogayatrispa.com.br\/loja\/wp-json\/wp\/v2\/product"}],"about":[{"href":"https:\/\/institutogayatrispa.com.br\/loja\/wp-json\/wp\/v2\/types\/product"}],"replies":[{"embeddable":true,"href":"https:\/\/institutogayatrispa.com.br\/loja\/wp-json\/wp\/v2\/comments?post=1704"}],"wp:featuredmedia":[{"embeddable":true,"href":"https:\/\/institutogayatrispa.com.br\/loja\/wp-json\/wp\/v2\/media\/1737"}],"wp:attachment":[{"href":"https:\/\/institutogayatrispa.com.br\/loja\/wp-json\/wp\/v2\/media?parent=1704"}],"wp:term":[{"taxonomy":"product_cat","embeddable":true,"href":"https:\/\/institutogayatrispa.com.br\/loja\/wp-json\/wp\/v2\/product_cat?post=1704"},{"taxonomy":"product_tag","embeddable":true,"href":"https:\/\/institutogayatrispa.com.br\/loja\/wp-json\/wp\/v2\/product_tag?post=1704"}],"curies":[{"name":"wp","href":"https:\/\/api.w.org\/{rel}","templated":true}]}}