{"id":1727,"date":"2024-05-03T12:47:17","date_gmt":"2024-05-03T15:47:17","guid":{"rendered":"https:\/\/institutogayatrispa.com.br\/loja\/produto\/refil-sabonete-liquido-lavanda-e-baunilha-alva-6\/"},"modified":"2024-05-03T12:47:17","modified_gmt":"2024-05-03T15:47:17","slug":"refil-sabonete-liquido-lavanda-e-baunilha-alva-6","status":"publish","type":"product","link":"https:\/\/institutogayatrispa.com.br\/loja\/produto\/refil-sabonete-liquido-lavanda-e-baunilha-alva-6\/","title":{"rendered":"REFIL SABONETE L\u00cdQUIDO LAVANDA E BAUNILHA &#8211; ALVA"},"content":{"rendered":"<p class=\"MsoNormal\">Uma escolha como essa pode ajudar a reduzir em 30% a polui\u00e7\u00e3o por pl\u00e1stico at\u00e9 2040!<\/p>\n<p class=\"MsoNormal\">\u00a0<\/p>\n<p class=\"MsoNormal\">Sabonete L\u00edquido Lavanda e Baunilha que oferece uma f\u00f3rmula suave e arom\u00e1tica, cuidadosamente elaborada com ingredientes de alta qualidade. A sinergia entre os \u00f3leos essenciais proporciona uma deliciosa sensa\u00e7\u00e3o de relaxamento mental, enquanto o aroma inebriante eleva a experi\u00eancia.<\/p>\n","protected":false},"excerpt":{"rendered":"<p class=\"MsoNormal\">EMBALAGEM MONOMATERIAL 100% RECICL\u00c1VEL<\/p>\n<p class=\"MsoNormal\">\u00a0<\/p>\n<p class=\"MsoNormal\">Buscando solu\u00e7\u00f5es para tornar nosso dia a dia mais sustent\u00e1vel, cada produto da linha Body &amp; Hair Alva possui um REFIL ecol\u00f3gico, feito de pl\u00e1stico verde derivado da cana-de-a\u00e7\u00facar, para reposi\u00e7\u00e3o, sem a necessidade de adquirir nova embalagem, contribuindo para uma economia circular.<\/p>\n","protected":false},"featured_media":1725,"comment_status":"open","ping_status":"closed","template":"","meta":[],"product_cat":[97,109,106],"product_tag":[],"class_list":["post-1727","product","type-product","status-publish","has-post-thumbnail","hentry","product_cat-bio-beauty","product_cat-corpo","product_cat-sabonete"],"_links":{"self":[{"href":"https:\/\/institutogayatrispa.com.br\/loja\/wp-json\/wp\/v2\/product\/1727","targetHints":{"allow":["GET"]}}],"collection":[{"href":"https:\/\/institutogayatrispa.com.br\/loja\/wp-json\/wp\/v2\/product"}],"about":[{"href":"https:\/\/institutogayatrispa.com.br\/loja\/wp-json\/wp\/v2\/types\/product"}],"replies":[{"embeddable":true,"href":"https:\/\/institutogayatrispa.com.br\/loja\/wp-json\/wp\/v2\/comments?post=1727"}],"wp:featuredmedia":[{"embeddable":true,"href":"https:\/\/institutogayatrispa.com.br\/loja\/wp-json\/wp\/v2\/media\/1725"}],"wp:attachment":[{"href":"https:\/\/institutogayatrispa.com.br\/loja\/wp-json\/wp\/v2\/media?parent=1727"}],"wp:term":[{"taxonomy":"product_cat","embeddable":true,"href":"https:\/\/institutogayatrispa.com.br\/loja\/wp-json\/wp\/v2\/product_cat?post=1727"},{"taxonomy":"product_tag","embeddable":true,"href":"https:\/\/institutogayatrispa.com.br\/loja\/wp-json\/wp\/v2\/product_tag?post=1727"}],"curies":[{"name":"wp","href":"https:\/\/api.w.org\/{rel}","templated":true}]}}