{"id":1739,"date":"2024-05-24T15:50:39","date_gmt":"2024-05-24T18:50:39","guid":{"rendered":"https:\/\/institutogayatrispa.com.br\/loja\/produto\/creme-dental-bioativo-no-stress-laranja-lavanda-alva-90g\/"},"modified":"2024-05-24T15:50:51","modified_gmt":"2024-05-24T18:50:51","slug":"creme-dental-bioativo-no-stress-laranja-lavanda-alva-90g","status":"publish","type":"product","link":"https:\/\/institutogayatrispa.com.br\/loja\/produto\/creme-dental-bioativo-no-stress-laranja-lavanda-alva-90g\/","title":{"rendered":"CREME DENTAL BIOATIVO NO STRESS &#8211; LARANJA &amp; LAVANDA &#8211; ALVA-  90G"},"content":{"rendered":"<p class=\"MsoNormal\">Caracter\u00edsticas:<\/p>\n<p class=\"MsoNormal\">\u00a0<\/p>\n<p class=\"MsoNormal\">\u2013 Vegano<\/p>\n<p class=\"MsoNormal\">\u00a0<\/p>\n<p class=\"MsoNormal\">\u2013 Cruelty Free<\/p>\n<p class=\"MsoNormal\">\u00a0<\/p>\n<p class=\"MsoNormal\">\u2013 Clinicamente testado<\/p>\n<p class=\"MsoNormal\">\u00a0<\/p>\n<p class=\"MsoNormal\">\u2013 Cont\u00e9m xilitol<\/p>\n<p class=\"MsoNormal\">\u00a0<\/p>\n<p class=\"MsoNormal\">\u2013 Sem fl\u00faor<\/p>\n<p class=\"MsoNormal\">\u00a0<\/p>\n<p class=\"MsoNormal\">\u2013 Sem parabenos e triclosan<\/p>\n<p class=\"MsoNormal\">\u00a0<\/p>\n<p class=\"MsoNormal\">\u2013 Sem corantes, ado\u00e7antes e aromas artificiais<\/p>\n<p>\u00a0<\/p>\n","protected":false},"excerpt":{"rendered":"<p class=\"MsoNormal\">\u00a0<\/p>\n<p class=\"MsoNormal\">O creme dental No Stress cont\u00e9m uma combina\u00e7\u00e3o perfeita entre os \u00f3leos essenciais de lavanda, laranja doce, menta, melaleuca e \u00f3leo vegetal de coco.<\/p>\n<p class=\"MsoNormal\">\u00a0<\/p>\n<p class=\"MsoNormal\">Suas propriedades antibacterianas promovem sabor e refresc\u00e2ncia ao h\u00e1lito. O xilitol protege os dentes contra c\u00e1ries, e os extratos de camomila e hibisco proporcionam cuidado extra \u00e0s gengivas, tamb\u00e9m s\u00e3o antioxidantes e suavizantes. Al\u00e9m de uma significativa diferen\u00e7a no relaxamento f\u00edsico, mental e melhora na qualidade do sono.<\/p>\n<p class=\"MsoNormal\">\u00a0<\/p>\n","protected":false},"featured_media":1738,"comment_status":"open","ping_status":"closed","template":"","meta":[],"product_cat":[110],"product_tag":[],"class_list":["post-1739","product","type-product","status-publish","has-post-thumbnail","hentry","product_cat-pasta-de-dente"],"_links":{"self":[{"href":"https:\/\/institutogayatrispa.com.br\/loja\/wp-json\/wp\/v2\/product\/1739","targetHints":{"allow":["GET"]}}],"collection":[{"href":"https:\/\/institutogayatrispa.com.br\/loja\/wp-json\/wp\/v2\/product"}],"about":[{"href":"https:\/\/institutogayatrispa.com.br\/loja\/wp-json\/wp\/v2\/types\/product"}],"replies":[{"embeddable":true,"href":"https:\/\/institutogayatrispa.com.br\/loja\/wp-json\/wp\/v2\/comments?post=1739"}],"wp:featuredmedia":[{"embeddable":true,"href":"https:\/\/institutogayatrispa.com.br\/loja\/wp-json\/wp\/v2\/media\/1738"}],"wp:attachment":[{"href":"https:\/\/institutogayatrispa.com.br\/loja\/wp-json\/wp\/v2\/media?parent=1739"}],"wp:term":[{"taxonomy":"product_cat","embeddable":true,"href":"https:\/\/institutogayatrispa.com.br\/loja\/wp-json\/wp\/v2\/product_cat?post=1739"},{"taxonomy":"product_tag","embeddable":true,"href":"https:\/\/institutogayatrispa.com.br\/loja\/wp-json\/wp\/v2\/product_tag?post=1739"}],"curies":[{"name":"wp","href":"https:\/\/api.w.org\/{rel}","templated":true}]}}