{"id":1744,"date":"2024-05-24T16:31:50","date_gmt":"2024-05-24T19:31:50","guid":{"rendered":"https:\/\/institutogayatrispa.com.br\/loja\/produto\/creme-dental-bioativo-imumune-menta-e-melaleuca-alva-90g\/"},"modified":"2024-05-24T16:32:53","modified_gmt":"2024-05-24T19:32:53","slug":"creme-dental-bioativo-imumune-menta-e-melaleuca-alva-90g","status":"publish","type":"product","link":"https:\/\/institutogayatrispa.com.br\/loja\/produto\/creme-dental-bioativo-imumune-menta-e-melaleuca-alva-90g\/","title":{"rendered":"CREME DENTAL BIOATIVO IMUMUNE \u2013 MENTA E MELALEUCA\u2013 ALVA- 90G"},"content":{"rendered":"<p class=\"MsoNormal\">&#8211; Refor\u00e7o Imunol\u00f3gico Natural: Cont\u00e9m \u00f3leo essencial natural de menta, conhecido por seus efeitos anti-inflamat\u00f3rios.\u00d3leo de melaleuca, antiss\u00e9ptico poderoso que contribui para a preven\u00e7\u00e3o de c\u00e1ries<\/p>\n<p class=\"MsoNormal\">&#8211; F\u00f3rmula Livre de t\u00f3xicos: Sem fl\u00faor, parabenos, triclosan, corantes, ado\u00e7antes e aromas artificiais<\/p>\n<p class=\"MsoNormal\">&#8211; Cuidado Vegano: Totalmente vegano e cruelty-free<\/p>\n<p class=\"MsoNormal\">&#8211; Preven\u00e7\u00e3o de c\u00e1ries: Cont\u00e9m xilitol que auxilia na preven\u00e7\u00e3o de c\u00e1ries de forma natural.<\/p>\n<p class=\"MsoNormal\">&#8211; Ingredientes Naturais: \u00d3leos puros de menta, melaleuca org\u00e2nica, e c\u00f4co org\u00e2nico, proporcionando frescor e combatendo bact\u00e9rias prejudiciais.<\/p>\n<p class=\"MsoNormal\">&#8211; Antioxidantes e anti-inflamat\u00f3ria: Por conter extrato natural de ch\u00e1 verde<\/p>\n<p class=\"MsoNormal\">&#8211; Aromaterapia para o Bem-Estar: Gra\u00e7as aos \u00f3leos essenciais com propriedades relaxantes<\/p>\n<p class=\"MsoNormal\">&#8211; Compromisso com Qualidade: Clinicamente testado para garantir efic\u00e1cia e seguran\u00e7a<\/p>\n","protected":false},"excerpt":{"rendered":"<p class=\"MsoNormal\">\u00a0<\/p>\n<p class=\"MsoListParagraphCxSpFirst\" style=\"text-indent: -18.0pt\"><!-- [if !supportLists]--><span style=\"font-family: Symbol\"><span>\u00b7<span style=\"font: 7.0pt 'Times New Roman'\">\u00a0\u00a0\u00a0\u00a0\u00a0\u00a0\u00a0\u00a0 <\/span><\/span><\/span><!--[endif]-->Pasta de Dentes IMMUNE &#8211; A sinergia dos \u00f3leos essenciais de melaleuca e menta proporciona frescor, refor\u00e7o na imunidade, al\u00e9m de prevenir e tratar aftas e dores de garganta<\/p>\n<p class=\"MsoListParagraphCxSpMiddle\" style=\"text-indent: -18.0pt\"><!-- [if !supportLists]--><span style=\"font-family: Symbol\"><span>\u00b7<span style=\"font: 7.0pt 'Times New Roman'\">\u00a0\u00a0\u00a0\u00a0\u00a0\u00a0\u00a0\u00a0 <\/span><\/span><\/span><!--[endif]-->Uma fus\u00e3o de ingredientes que proporcionam: limpeza, preven\u00e7\u00e3o de c\u00e1ries, melhora da imunidade.<\/p>\n<p class=\"MsoListParagraphCxSpLast\" style=\"text-indent: -18.0pt\"><!-- [if !supportLists]--><span style=\"font-family: Symbol\"><span>\u00b7<span style=\"font: 7.0pt 'Times New Roman'\">\u00a0\u00a0\u00a0\u00a0\u00a0\u00a0\u00a0\u00a0 <\/span><\/span><\/span><!--[endif]-->100% natural | vegana | livre de fl\u00fao<\/p>\n","protected":false},"featured_media":1743,"comment_status":"open","ping_status":"closed","template":"","meta":[],"product_cat":[100,110],"product_tag":[],"class_list":["post-1744","product","type-product","status-publish","has-post-thumbnail","hentry","product_cat-bio-health","product_cat-pasta-de-dente"],"_links":{"self":[{"href":"https:\/\/institutogayatrispa.com.br\/loja\/wp-json\/wp\/v2\/product\/1744","targetHints":{"allow":["GET"]}}],"collection":[{"href":"https:\/\/institutogayatrispa.com.br\/loja\/wp-json\/wp\/v2\/product"}],"about":[{"href":"https:\/\/institutogayatrispa.com.br\/loja\/wp-json\/wp\/v2\/types\/product"}],"replies":[{"embeddable":true,"href":"https:\/\/institutogayatrispa.com.br\/loja\/wp-json\/wp\/v2\/comments?post=1744"}],"wp:featuredmedia":[{"embeddable":true,"href":"https:\/\/institutogayatrispa.com.br\/loja\/wp-json\/wp\/v2\/media\/1743"}],"wp:attachment":[{"href":"https:\/\/institutogayatrispa.com.br\/loja\/wp-json\/wp\/v2\/media?parent=1744"}],"wp:term":[{"taxonomy":"product_cat","embeddable":true,"href":"https:\/\/institutogayatrispa.com.br\/loja\/wp-json\/wp\/v2\/product_cat?post=1744"},{"taxonomy":"product_tag","embeddable":true,"href":"https:\/\/institutogayatrispa.com.br\/loja\/wp-json\/wp\/v2\/product_tag?post=1744"}],"curies":[{"name":"wp","href":"https:\/\/api.w.org\/{rel}","templated":true}]}}