{"id":1746,"date":"2024-05-24T17:23:03","date_gmt":"2024-05-24T20:23:03","guid":{"rendered":"https:\/\/institutogayatrispa.com.br\/loja\/produto\/desodorante-natural-roll-on-lavanda-88ml-lafes\/"},"modified":"2024-05-24T17:23:03","modified_gmt":"2024-05-24T20:23:03","slug":"desodorante-natural-roll-on-lavanda-88ml-lafes","status":"publish","type":"product","link":"https:\/\/institutogayatrispa.com.br\/loja\/produto\/desodorante-natural-roll-on-lavanda-88ml-lafes\/","title":{"rendered":"DESODORANTE NATURAL ROLL-ON &#8211; LAVANDA  88ML &#8211; LAFES"},"content":{"rendered":"<p class=\"MsoNormal\">Com 72% de ingredientes org\u00e2nicos certificados o Desodorante Roll On de Lavanda da Lafe\u2019s n\u00e3o tem parabenos, propilenoglicol, \u00e1lcool ou alum\u00ednio sem testes em animais e oferece uma prote\u00e7\u00e3o natural contra as bact\u00e9rias que causam odor e mant\u00e9m calmo e relaxado.N\u00e3o \u00e9 antiperspirante e nem antitranspirante portanto n\u00e3o obstruir\u00e1 os poros.Apenas oferece uma prote\u00e7\u00e3o natural.<\/p>\n","protected":false},"excerpt":{"rendered":"<p class=\"MsoNormal\">O Desodorante Natural Roll On Lavanda da Lafe\u2019s \u00e9 feito com \u00f3leos essenciais de lavanda para mant\u00ea-lo calmo, relaxado e fresco. Esses \u00f3leos essenciais bot\u00e2nicos naturais combatem bact\u00e9rias causadoras de odor sem o uso de produtos qu\u00edmicos nocivos. A Aloe Vera amacia e hidrata a pele e tem resultado bactericida que ajuda a manter a pele fresca e saud\u00e1vel o dia inteiro. A hamam\u00e9lis \u00e9 um adstringente natural e bactericida ajudando a manter a pele balanceada naturalmente. O \u00f3leo de coentro reduz o suor age contra o odor e inibe o aparecimento de fungos ajudando a curar infec\u00e7\u00f5es por fungos.<\/p>\n","protected":false},"featured_media":1745,"comment_status":"open","ping_status":"closed","template":"","meta":[],"product_cat":[100,109,103],"product_tag":[],"class_list":["post-1746","product","type-product","status-publish","has-post-thumbnail","hentry","product_cat-bio-health","product_cat-corpo","product_cat-saude"],"_links":{"self":[{"href":"https:\/\/institutogayatrispa.com.br\/loja\/wp-json\/wp\/v2\/product\/1746","targetHints":{"allow":["GET"]}}],"collection":[{"href":"https:\/\/institutogayatrispa.com.br\/loja\/wp-json\/wp\/v2\/product"}],"about":[{"href":"https:\/\/institutogayatrispa.com.br\/loja\/wp-json\/wp\/v2\/types\/product"}],"replies":[{"embeddable":true,"href":"https:\/\/institutogayatrispa.com.br\/loja\/wp-json\/wp\/v2\/comments?post=1746"}],"wp:featuredmedia":[{"embeddable":true,"href":"https:\/\/institutogayatrispa.com.br\/loja\/wp-json\/wp\/v2\/media\/1745"}],"wp:attachment":[{"href":"https:\/\/institutogayatrispa.com.br\/loja\/wp-json\/wp\/v2\/media?parent=1746"}],"wp:term":[{"taxonomy":"product_cat","embeddable":true,"href":"https:\/\/institutogayatrispa.com.br\/loja\/wp-json\/wp\/v2\/product_cat?post=1746"},{"taxonomy":"product_tag","embeddable":true,"href":"https:\/\/institutogayatrispa.com.br\/loja\/wp-json\/wp\/v2\/product_tag?post=1746"}],"curies":[{"name":"wp","href":"https:\/\/api.w.org\/{rel}","templated":true}]}}