{"id":1772,"date":"2024-06-10T11:56:50","date_gmt":"2024-06-10T14:56:50","guid":{"rendered":"https:\/\/institutogayatrispa.com.br\/loja\/produto\/desodorante-spray-cristal-natural-lavanda-alva-deo\/"},"modified":"2024-06-10T11:56:50","modified_gmt":"2024-06-10T14:56:50","slug":"desodorante-spray-cristal-natural-lavanda-alva-deo","status":"publish","type":"product","link":"https:\/\/institutogayatrispa.com.br\/loja\/produto\/desodorante-spray-cristal-natural-lavanda-alva-deo\/","title":{"rendered":"DESODORANTE SPRAY CRISTAL NATURAL &#8211; LAVANDA &#8211; ALVA DEO"},"content":{"rendered":"<p class=\"MsoNormal\">\u2192 Cont\u00e9m Al\u00famen de Pot\u00e1ssio puro e certificado;<\/p>\n<p class=\"MsoNormal\">\u2192 99,5 % de ingredientes naturais;<\/p>\n<p class=\"MsoNormal\">\u2192 Vegano;<\/p>\n<p class=\"MsoNormal\">\u2192 Cruelty Free;<\/p>\n<p class=\"MsoNormal\">\u2192 Sem de cloridrato de alum\u00ednio;<\/p>\n<p class=\"MsoNormal\">\u2192 Livre de parabenos e silicones;<\/p>\n<p class=\"MsoNormal\">\u2192 N\u00e3o entope os poros;<\/p>\n<p class=\"MsoNormal\">\u2192 N\u00e3o mancha as roupas;<\/p>\n<p class=\"MsoNormal\">\u2192 O uso cont\u00ednuo proporciona clareamento das axilas;<\/p>\n<p class=\"MsoNormal\">\u2192 Protege a pele contra os maus odores;<\/p>\n","protected":false},"excerpt":{"rendered":"<p class=\"MsoNormal\">Desodorante Spray: O Desodorante Spray 120ml Alva Personal Care te entrega muito mais do que prote\u00e7\u00e3o contra o odor, ele permite que seu corpo transpire, enquanto inibe a prolifera\u00e7\u00e3o das bact\u00e9rias e protege sua sa\u00fade, j\u00e1 que \u00e9 completamente livre de cloridrato de alum\u00ednio, e outras subst\u00e2ncias como \u00e1lcool, propileno glicol e parabenos.<\/p>\n<p class=\"MsoNormal\">N\u00e3o mancha roupas, auxilia naturalmente no clareamento das axilas, e oferece at\u00e9 12h de prote\u00e7\u00e3o contra maus odores.<\/p>\n","protected":false},"featured_media":1771,"comment_status":"open","ping_status":"closed","template":"","meta":[],"product_cat":[100,102,103],"product_tag":[],"class_list":["post-1772","product","type-product","status-publish","has-post-thumbnail","hentry","product_cat-bio-health","product_cat-desodorante","product_cat-saude"],"_links":{"self":[{"href":"https:\/\/institutogayatrispa.com.br\/loja\/wp-json\/wp\/v2\/product\/1772","targetHints":{"allow":["GET"]}}],"collection":[{"href":"https:\/\/institutogayatrispa.com.br\/loja\/wp-json\/wp\/v2\/product"}],"about":[{"href":"https:\/\/institutogayatrispa.com.br\/loja\/wp-json\/wp\/v2\/types\/product"}],"replies":[{"embeddable":true,"href":"https:\/\/institutogayatrispa.com.br\/loja\/wp-json\/wp\/v2\/comments?post=1772"}],"wp:featuredmedia":[{"embeddable":true,"href":"https:\/\/institutogayatrispa.com.br\/loja\/wp-json\/wp\/v2\/media\/1771"}],"wp:attachment":[{"href":"https:\/\/institutogayatrispa.com.br\/loja\/wp-json\/wp\/v2\/media?parent=1772"}],"wp:term":[{"taxonomy":"product_cat","embeddable":true,"href":"https:\/\/institutogayatrispa.com.br\/loja\/wp-json\/wp\/v2\/product_cat?post=1772"},{"taxonomy":"product_tag","embeddable":true,"href":"https:\/\/institutogayatrispa.com.br\/loja\/wp-json\/wp\/v2\/product_tag?post=1772"}],"curies":[{"name":"wp","href":"https:\/\/api.w.org\/{rel}","templated":true}]}}