{"id":1788,"date":"2024-07-02T18:02:51","date_gmt":"2024-07-02T21:02:51","guid":{"rendered":"https:\/\/institutogayatrispa.com.br\/loja\/produto\/balm-multifuncional-com-fps-45-alva-sun-16g\/"},"modified":"2024-07-02T18:02:51","modified_gmt":"2024-07-02T21:02:51","slug":"balm-multifuncional-com-fps-45-alva-sun-16g","status":"publish","type":"product","link":"https:\/\/institutogayatrispa.com.br\/loja\/produto\/balm-multifuncional-com-fps-45-alva-sun-16g\/","title":{"rendered":"BALM MULTIFUNCIONAL COM FPS 45 &#8211; ALVA SUN 16G"},"content":{"rendered":"","protected":false},"excerpt":{"rendered":"<p class=\"MsoNormal\" style=\"line-height: normal\">\u00a0<\/p>\n<p class=\"MsoNormal\" style=\"line-height: normal\">Nosso Protetor Solar f\u00edsico sem cor \u00e9 formulado com \u00f3xido de zinco, oferecendo prote\u00e7\u00e3o natural contra os raios UV e UVA. Ele cont\u00e9m uma formula\u00e7\u00e3o \u00fanica com ingredientes multifuncionais, como:<\/p>\n<p class=\"MsoNormal\" style=\"line-height: normal\">\u00a0<\/p>\n<p class=\"MsoNormal\" style=\"line-height: normal\">\u2192 Esqualano: Auxilia na reten\u00e7\u00e3o de \u00e1gua da pele enquanto controla a oleosidade.<\/p>\n<p class=\"MsoNormal\" style=\"line-height: normal\">\u00a0<\/p>\n<p class=\"MsoNormal\" style=\"line-height: normal\">\u2192 \u00d3leo de jojoba: Fortalece a barreira protetora da pele, reduz o estresse oxidativo das c\u00e9lulas e estimula a produ\u00e7\u00e3o de col\u00e1geno.<\/p>\n<p class=\"MsoNormal\" style=\"line-height: normal\">Nosso protetor solar \u00e9 vegano e 100% mineral. Com toque sequinho, se adapta facilmente a todos os tipos de pele, inclusive as oleosas e acneicas, sem deixar res\u00edduos esbranqui\u00e7ados na pele.<\/p>\n","protected":false},"featured_media":1787,"comment_status":"open","ping_status":"closed","template":"","meta":[],"product_cat":[97,100,103],"product_tag":[],"class_list":["post-1788","product","type-product","status-publish","has-post-thumbnail","hentry","product_cat-bio-beauty","product_cat-bio-health","product_cat-saude"],"_links":{"self":[{"href":"https:\/\/institutogayatrispa.com.br\/loja\/wp-json\/wp\/v2\/product\/1788","targetHints":{"allow":["GET"]}}],"collection":[{"href":"https:\/\/institutogayatrispa.com.br\/loja\/wp-json\/wp\/v2\/product"}],"about":[{"href":"https:\/\/institutogayatrispa.com.br\/loja\/wp-json\/wp\/v2\/types\/product"}],"replies":[{"embeddable":true,"href":"https:\/\/institutogayatrispa.com.br\/loja\/wp-json\/wp\/v2\/comments?post=1788"}],"wp:featuredmedia":[{"embeddable":true,"href":"https:\/\/institutogayatrispa.com.br\/loja\/wp-json\/wp\/v2\/media\/1787"}],"wp:attachment":[{"href":"https:\/\/institutogayatrispa.com.br\/loja\/wp-json\/wp\/v2\/media?parent=1788"}],"wp:term":[{"taxonomy":"product_cat","embeddable":true,"href":"https:\/\/institutogayatrispa.com.br\/loja\/wp-json\/wp\/v2\/product_cat?post=1788"},{"taxonomy":"product_tag","embeddable":true,"href":"https:\/\/institutogayatrispa.com.br\/loja\/wp-json\/wp\/v2\/product_tag?post=1788"}],"curies":[{"name":"wp","href":"https:\/\/api.w.org\/{rel}","templated":true}]}}