{"id":1856,"date":"2024-11-11T16:57:12","date_gmt":"2024-11-11T19:57:12","guid":{"rendered":"https:\/\/institutogayatrispa.com.br\/loja\/produto\/desodorante-roll-on-lafes-rose-coriander-88-ml-2\/"},"modified":"2024-11-11T16:57:12","modified_gmt":"2024-11-11T19:57:12","slug":"desodorante-roll-on-lafes-rose-coriander-88-ml-2","status":"publish","type":"product","link":"https:\/\/institutogayatrispa.com.br\/loja\/produto\/desodorante-roll-on-lafes-rose-coriander-88-ml-2\/","title":{"rendered":"DESODORANTE ROLL-ON LAFE&#8217;S ROSE + CORIANDER 88 ML"},"content":{"rendered":"<p class=\"MsoNormal\">Caracter\u00edsticas:<\/p>\n<p class=\"MsoNormal\">-Produto Natural e Vegano<\/p>\n<p class=\"MsoNormal\">-Possui propriedades antimicrobianas, bactericidas e suavizantes<\/p>\n<p class=\"MsoNormal\">-Protege a pele contra os maus odores por at\u00e9 24h<\/p>\n<p class=\"MsoNormal\">-N\u00e3o \u00e9 um antitranspirante e n\u00e3o obstrui os poros<\/p>\n<p class=\"MsoNormal\">-Desodorante livre de Alum\u00ednio<\/p>\n","protected":false},"excerpt":{"rendered":"<p class=\"MsoNormal\">O Desodorante Roll-on Natural Rose e Coriander da Lafe&#8217;s possui Aloe vera na sua composi\u00e7\u00e3o, que amacia, hidrata e ajuda a manter a pele fresca e saud\u00e1vel o dia inteiro, o \u00d3leo de Coriander (\u00d3leo de Coentro), que reduz o suor, age contra o odor e inibe o aparecimento de fungos ajudando a curar infec\u00e7\u00f5es e o Witch hazel (Extrato de Hamamelis virginiana), que \u00e9 um adstringente natural e antibactericida respons\u00e1vel por reduzir a oleosidade e sujeira da derme. Possui aroma fresco de rosas e \u00edris que deixa a pele perfumada e renovada.<\/p>\n","protected":false},"featured_media":1854,"comment_status":"open","ping_status":"closed","template":"","meta":[],"product_cat":[100,109,102],"product_tag":[],"class_list":["post-1856","product","type-product","status-publish","has-post-thumbnail","hentry","product_cat-bio-health","product_cat-corpo","product_cat-desodorante"],"_links":{"self":[{"href":"https:\/\/institutogayatrispa.com.br\/loja\/wp-json\/wp\/v2\/product\/1856","targetHints":{"allow":["GET"]}}],"collection":[{"href":"https:\/\/institutogayatrispa.com.br\/loja\/wp-json\/wp\/v2\/product"}],"about":[{"href":"https:\/\/institutogayatrispa.com.br\/loja\/wp-json\/wp\/v2\/types\/product"}],"replies":[{"embeddable":true,"href":"https:\/\/institutogayatrispa.com.br\/loja\/wp-json\/wp\/v2\/comments?post=1856"}],"wp:featuredmedia":[{"embeddable":true,"href":"https:\/\/institutogayatrispa.com.br\/loja\/wp-json\/wp\/v2\/media\/1854"}],"wp:attachment":[{"href":"https:\/\/institutogayatrispa.com.br\/loja\/wp-json\/wp\/v2\/media?parent=1856"}],"wp:term":[{"taxonomy":"product_cat","embeddable":true,"href":"https:\/\/institutogayatrispa.com.br\/loja\/wp-json\/wp\/v2\/product_cat?post=1856"},{"taxonomy":"product_tag","embeddable":true,"href":"https:\/\/institutogayatrispa.com.br\/loja\/wp-json\/wp\/v2\/product_tag?post=1856"}],"curies":[{"name":"wp","href":"https:\/\/api.w.org\/{rel}","templated":true}]}}