{"id":219,"date":"2023-04-21T07:13:40","date_gmt":"2023-04-21T10:13:40","guid":{"rendered":"https:\/\/institutogayatrispa.com.br\/loja\/?post_type=product&#038;p=219"},"modified":"2023-07-25T16:48:35","modified_gmt":"2023-07-25T19:48:35","slug":"porta-mat-hamsa","status":"publish","type":"product","link":"https:\/\/institutogayatrispa.com.br\/loja\/produto\/porta-mat-hamsa\/","title":{"rendered":"Porta Mat Hamsa"},"content":{"rendered":"<p>Desenvolvido para facilitar o seu dia-a-dia e garantir conforto e praticidade na hora de carregar o seu Mat!<\/p>\n<p>Possui um bolso externo grande e discreto, \u00f3timo para voc\u00ea guardar suas chaves, celular, cart\u00f5es e outros pertences!<\/p>\n<p>E a al\u00e7a \u00e9 ajust\u00e1vel, ou seja, pode ser usado pendurado em um ombro, atravessado nas costas, como voc\u00ea quiser!<\/p>\n","protected":false},"excerpt":{"rendered":"<p>Descri\u00e7\u00e3o r\u00e1pida:<br \/>\n&#8211; Fabricado em tecido aveludado, com um refor\u00e7o interno<br \/>\n&#8211; Com 70cm de comprimento.<br \/>\n&#8211; O bolso tem 24x17cm, e cabe bastante coisa!<br \/>\n&#8211; Possui 20cm de di\u00e2metro<br \/>\n&#8211; Lindas colora\u00e7\u00f5es que n\u00e3o desbotam com uso ou lavagens.<\/p>\n","protected":false},"featured_media":291,"comment_status":"open","ping_status":"closed","template":"","meta":[],"product_cat":[16,55],"product_tag":[],"class_list":["post-219","product","type-product","status-publish","has-post-thumbnail","hentry","product_cat-active-yoga","product_cat-porta-mat"],"_links":{"self":[{"href":"https:\/\/institutogayatrispa.com.br\/loja\/wp-json\/wp\/v2\/product\/219","targetHints":{"allow":["GET"]}}],"collection":[{"href":"https:\/\/institutogayatrispa.com.br\/loja\/wp-json\/wp\/v2\/product"}],"about":[{"href":"https:\/\/institutogayatrispa.com.br\/loja\/wp-json\/wp\/v2\/types\/product"}],"replies":[{"embeddable":true,"href":"https:\/\/institutogayatrispa.com.br\/loja\/wp-json\/wp\/v2\/comments?post=219"}],"wp:featuredmedia":[{"embeddable":true,"href":"https:\/\/institutogayatrispa.com.br\/loja\/wp-json\/wp\/v2\/media\/291"}],"wp:attachment":[{"href":"https:\/\/institutogayatrispa.com.br\/loja\/wp-json\/wp\/v2\/media?parent=219"}],"wp:term":[{"taxonomy":"product_cat","embeddable":true,"href":"https:\/\/institutogayatrispa.com.br\/loja\/wp-json\/wp\/v2\/product_cat?post=219"},{"taxonomy":"product_tag","embeddable":true,"href":"https:\/\/institutogayatrispa.com.br\/loja\/wp-json\/wp\/v2\/product_tag?post=219"}],"curies":[{"name":"wp","href":"https:\/\/api.w.org\/{rel}","templated":true}]}}