{"id":222,"date":"2023-04-21T07:13:40","date_gmt":"2023-04-21T10:13:40","guid":{"rendered":"https:\/\/institutogayatrispa.com.br\/loja\/?post_type=product&#038;p=222"},"modified":"2023-07-25T16:48:35","modified_gmt":"2023-07-25T19:48:35","slug":"alca-porta-mat-yoga","status":"publish","type":"product","link":"https:\/\/institutogayatrispa.com.br\/loja\/produto\/alca-porta-mat-yoga\/","title":{"rendered":"Al\u00e7a porta Mat Yoga"},"content":{"rendered":"","protected":false},"excerpt":{"rendered":"<p>A Al\u00e7a de Ombro perfeita para carregar o seu Mat, em diferentes cores para voc\u00ea escolher!<\/p>\n<p>Carregar seu Mat na m\u00e3o pode ser meio sem jeito n\u00e9&#8230; Para isso que serve a Al\u00e7a de Mat! Para voc\u00ea levar seu tapetinho para qualquer lugar da melhor forma poss\u00edvel, garantindo praticidade no seu dia-a-dia!<\/p>\n","protected":false},"featured_media":278,"comment_status":"open","ping_status":"closed","template":"","meta":[],"product_cat":[16,55],"product_tag":[],"class_list":["post-222","product","type-product","status-publish","has-post-thumbnail","hentry","product_cat-active-yoga","product_cat-porta-mat"],"_links":{"self":[{"href":"https:\/\/institutogayatrispa.com.br\/loja\/wp-json\/wp\/v2\/product\/222","targetHints":{"allow":["GET"]}}],"collection":[{"href":"https:\/\/institutogayatrispa.com.br\/loja\/wp-json\/wp\/v2\/product"}],"about":[{"href":"https:\/\/institutogayatrispa.com.br\/loja\/wp-json\/wp\/v2\/types\/product"}],"replies":[{"embeddable":true,"href":"https:\/\/institutogayatrispa.com.br\/loja\/wp-json\/wp\/v2\/comments?post=222"}],"wp:featuredmedia":[{"embeddable":true,"href":"https:\/\/institutogayatrispa.com.br\/loja\/wp-json\/wp\/v2\/media\/278"}],"wp:attachment":[{"href":"https:\/\/institutogayatrispa.com.br\/loja\/wp-json\/wp\/v2\/media?parent=222"}],"wp:term":[{"taxonomy":"product_cat","embeddable":true,"href":"https:\/\/institutogayatrispa.com.br\/loja\/wp-json\/wp\/v2\/product_cat?post=222"},{"taxonomy":"product_tag","embeddable":true,"href":"https:\/\/institutogayatrispa.com.br\/loja\/wp-json\/wp\/v2\/product_tag?post=222"}],"curies":[{"name":"wp","href":"https:\/\/api.w.org\/{rel}","templated":true}]}}