{"id":237,"date":"2023-04-21T07:14:05","date_gmt":"2023-04-21T10:14:05","guid":{"rendered":"https:\/\/institutogayatrispa.com.br\/loja\/?post_type=product&#038;p=237"},"modified":"2023-10-10T14:35:16","modified_gmt":"2023-10-10T17:35:16","slug":"cristal-ametista","status":"publish","type":"product","link":"https:\/\/institutogayatrispa.com.br\/loja\/produto\/cristal-ametista\/","title":{"rendered":"Cristal Ametista"},"content":{"rendered":"<p>Difunde harmonia e afasta a negatividade!<br \/>A Ametista \u00e9 uma pedra natural fortemente ligada a uma energia protetora.<\/p>\n<p>Difunde harmonia e afasta a negatividade!<\/p>\n<p>Muito usado na medita\u00e7\u00e3o, o cristal de Ametista tem a finalidade de proteger os ambientes carregados e fortalecer as amizades.<\/p>\n<p>* Por se tratar de uma pedra natural, n\u00e3o existe um padr\u00e3o espec\u00edfico. Podendo haver varia\u00e7\u00e3o de colora\u00e7\u00e3o e tamanho de uma pe\u00e7a para outra.<\/p>\n","protected":false},"excerpt":{"rendered":"<p>Desperta a intui\u00e7\u00e3o, bloqueia ataques espirituais, purifica a energia de ambientes, aumenta nossa energia vital e ajuda a emagrecer.<br \/>Super Cristal de Prote\u00e7\u00e3o e Espiritualidade.<\/p>\n","protected":false},"featured_media":1139,"comment_status":"open","ping_status":"closed","template":"","meta":[],"product_cat":[18,60],"product_tag":[],"class_list":["post-237","product","type-product","status-publish","has-post-thumbnail","hentry","product_cat-zen-spirit","product_cat-pedra"],"_links":{"self":[{"href":"https:\/\/institutogayatrispa.com.br\/loja\/wp-json\/wp\/v2\/product\/237","targetHints":{"allow":["GET"]}}],"collection":[{"href":"https:\/\/institutogayatrispa.com.br\/loja\/wp-json\/wp\/v2\/product"}],"about":[{"href":"https:\/\/institutogayatrispa.com.br\/loja\/wp-json\/wp\/v2\/types\/product"}],"replies":[{"embeddable":true,"href":"https:\/\/institutogayatrispa.com.br\/loja\/wp-json\/wp\/v2\/comments?post=237"}],"wp:featuredmedia":[{"embeddable":true,"href":"https:\/\/institutogayatrispa.com.br\/loja\/wp-json\/wp\/v2\/media\/1139"}],"wp:attachment":[{"href":"https:\/\/institutogayatrispa.com.br\/loja\/wp-json\/wp\/v2\/media?parent=237"}],"wp:term":[{"taxonomy":"product_cat","embeddable":true,"href":"https:\/\/institutogayatrispa.com.br\/loja\/wp-json\/wp\/v2\/product_cat?post=237"},{"taxonomy":"product_tag","embeddable":true,"href":"https:\/\/institutogayatrispa.com.br\/loja\/wp-json\/wp\/v2\/product_tag?post=237"}],"curies":[{"name":"wp","href":"https:\/\/api.w.org\/{rel}","templated":true}]}}