{"id":238,"date":"2023-04-21T07:14:05","date_gmt":"2023-04-21T10:14:05","guid":{"rendered":"https:\/\/institutogayatrispa.com.br\/loja\/?post_type=product&#038;p=238"},"modified":"2023-07-25T16:48:35","modified_gmt":"2023-07-25T19:48:35","slug":"cianita-azul","status":"publish","type":"product","link":"https:\/\/institutogayatrispa.com.br\/loja\/produto\/cianita-azul\/","title":{"rendered":"Cianita Azul"},"content":{"rendered":"<p>Por conter a for\u00e7a do Raio Azul do Arcanjo Miguel, a Cianita Azul \u00e9 uma super pedra de prote\u00e7\u00e3o espiritual capaz quebrar e bloquear todos ataques de for\u00e7as negativas.<\/p>\n<p>Suas vibra\u00e7\u00f5es de alta frequ\u00eancia, estimulam e despertam a intui\u00e7\u00e3o, facilitam a medita\u00e7\u00e3o e fortalecem nossas capacidades medi\u00fanicas, espirituais e mentais.<\/p>\n<p>\u00c9 \u00f3tima para medita\u00e7\u00f5es em busca de evolu\u00e7\u00e3o ou em momentos de batalhas, f\u00edsicas ou espirituais, pois a energia emanada por ela lhe dar\u00e1 mais for\u00e7a e determina\u00e7\u00e3o.<\/p>\n","protected":false},"excerpt":{"rendered":"<p>Protege contra ataques energ\u00e9ticos, afasta pessoas negativas, neutraliza a inveja e mal olhado e ajuda a tratar a tireoide.A Pedra de prote\u00e7\u00e3o do Arcanjo Miguel.<\/p>\n","protected":false},"featured_media":315,"comment_status":"open","ping_status":"closed","template":"","meta":[],"product_cat":[18,58],"product_tag":[],"class_list":["post-238","product","type-product","status-publish","has-post-thumbnail","hentry","product_cat-zen-spirit","product_cat-cristais"],"_links":{"self":[{"href":"https:\/\/institutogayatrispa.com.br\/loja\/wp-json\/wp\/v2\/product\/238","targetHints":{"allow":["GET"]}}],"collection":[{"href":"https:\/\/institutogayatrispa.com.br\/loja\/wp-json\/wp\/v2\/product"}],"about":[{"href":"https:\/\/institutogayatrispa.com.br\/loja\/wp-json\/wp\/v2\/types\/product"}],"replies":[{"embeddable":true,"href":"https:\/\/institutogayatrispa.com.br\/loja\/wp-json\/wp\/v2\/comments?post=238"}],"wp:featuredmedia":[{"embeddable":true,"href":"https:\/\/institutogayatrispa.com.br\/loja\/wp-json\/wp\/v2\/media\/315"}],"wp:attachment":[{"href":"https:\/\/institutogayatrispa.com.br\/loja\/wp-json\/wp\/v2\/media?parent=238"}],"wp:term":[{"taxonomy":"product_cat","embeddable":true,"href":"https:\/\/institutogayatrispa.com.br\/loja\/wp-json\/wp\/v2\/product_cat?post=238"},{"taxonomy":"product_tag","embeddable":true,"href":"https:\/\/institutogayatrispa.com.br\/loja\/wp-json\/wp\/v2\/product_tag?post=238"}],"curies":[{"name":"wp","href":"https:\/\/api.w.org\/{rel}","templated":true}]}}