{"id":255,"date":"2023-04-21T07:14:29","date_gmt":"2023-04-21T10:14:29","guid":{"rendered":"https:\/\/institutogayatrispa.com.br\/loja\/?post_type=product&#038;p=255"},"modified":"2023-07-25T16:48:36","modified_gmt":"2023-07-25T19:48:36","slug":"cristal-translucido-luminaria","status":"publish","type":"product","link":"https:\/\/institutogayatrispa.com.br\/loja\/produto\/cristal-translucido-luminaria\/","title":{"rendered":"Cristal Transl\u00facido Lumin\u00e1ria"},"content":{"rendered":"<p>O Quartzo Transparente \u00e9 um dos melhores cristais para se iniciar qualquer tratamento, ou para quem est\u00e1 come\u00e7ando a praticar a terapia com cristais pois \u00e9 considerado \u201co av\u00f4 dos Cristais\u201d, promove o fluxo de energia por todos os corpos alinhando todos os chakras atrav\u00e9s da vibra\u00e7\u00e3o que reflete e irradia luz branca que cont\u00e9m todos os raios do espectro de cor. Uma das principais caracter\u00edstica desta pedra \u00e9 o armazenamento de informa\u00e7\u00f5es, eis o \u201cc\u00e9rebro da natureza\u201d. os efeitos terap\u00eauticos sobre a psique envolvem a harmoniza\u00e7\u00e3o dos corpos e esp\u00edritos com as for\u00e7as c\u00f3smicas do universo, proporcionando maior sensibilidade. Indicado para obten\u00e7\u00e3o de energia, relaxamento, est\u00edmulo da intui\u00e7\u00e3o, consci\u00eancia c\u00f3smica, autoconfian\u00e7a e sabedoria.<\/p>\n","protected":false},"excerpt":{"rendered":"<p>Atrai muita prosperidade, aumenta nossa for\u00e7a pessoal, abre os caminhos, atrai novas oportunidades e favorece a digest\u00e3o. Al\u00e9m de eleg\u00e2ncia, harmonia, energia, cura, clarivid\u00eancia e calma.<\/p>\n","protected":false},"featured_media":324,"comment_status":"open","ping_status":"closed","template":"","meta":[],"product_cat":[18,58],"product_tag":[],"class_list":["post-255","product","type-product","status-publish","has-post-thumbnail","hentry","product_cat-zen-spirit","product_cat-cristais"],"_links":{"self":[{"href":"https:\/\/institutogayatrispa.com.br\/loja\/wp-json\/wp\/v2\/product\/255","targetHints":{"allow":["GET"]}}],"collection":[{"href":"https:\/\/institutogayatrispa.com.br\/loja\/wp-json\/wp\/v2\/product"}],"about":[{"href":"https:\/\/institutogayatrispa.com.br\/loja\/wp-json\/wp\/v2\/types\/product"}],"replies":[{"embeddable":true,"href":"https:\/\/institutogayatrispa.com.br\/loja\/wp-json\/wp\/v2\/comments?post=255"}],"wp:featuredmedia":[{"embeddable":true,"href":"https:\/\/institutogayatrispa.com.br\/loja\/wp-json\/wp\/v2\/media\/324"}],"wp:attachment":[{"href":"https:\/\/institutogayatrispa.com.br\/loja\/wp-json\/wp\/v2\/media?parent=255"}],"wp:term":[{"taxonomy":"product_cat","embeddable":true,"href":"https:\/\/institutogayatrispa.com.br\/loja\/wp-json\/wp\/v2\/product_cat?post=255"},{"taxonomy":"product_tag","embeddable":true,"href":"https:\/\/institutogayatrispa.com.br\/loja\/wp-json\/wp\/v2\/product_tag?post=255"}],"curies":[{"name":"wp","href":"https:\/\/api.w.org\/{rel}","templated":true}]}}