{"id":269,"date":"2023-04-21T07:14:55","date_gmt":"2023-04-21T10:14:55","guid":{"rendered":"https:\/\/institutogayatrispa.com.br\/loja\/?post_type=product&#038;p=269"},"modified":"2023-10-10T14:18:56","modified_gmt":"2023-10-10T17:18:56","slug":"pedra-da-lua","status":"publish","type":"product","link":"https:\/\/institutogayatrispa.com.br\/loja\/produto\/pedra-da-lua\/","title":{"rendered":"Pedra da Lua"},"content":{"rendered":"<p>A Pedra da Lua possui fortes energias espirituais carrega em si os poderes femininos mais elevados. Ela desperta nossas capacidade ps\u00edquicas, aumenta a mediunidade e eleva nossa espiritualidade.<br \/>\n Esta pedra aumenta o nosso poder de atra\u00e7\u00e3o e o magnetismo pessoal e favorece a sa\u00fade das mulheres. A Pedra da Lua trabalha de modo muito amoroso, promovendo a cura emocional em todo nosso ser. Ela abre a nossa mente para que possamos enxergar novas oportunidades e ter descobertas importantes.<br \/>\nPor elevar muito nossa intui\u00e7\u00e3o, pode tamb\u00e9m nos ajudar ver novas solu\u00e7\u00f5es para problemas antigos.<\/p>\n","protected":false},"excerpt":{"rendered":"<p>Pedra M\u00edstica e Altamente Espiritual. Desperta as capacidades ps\u00edquicas, aumenta nosso magnetismo e poder de atra\u00e7\u00e3o e favorece muito a sa\u00fade das mulheres. A Pedra da Lua emite vibra\u00e7\u00f5es espirituais que aumentam a intui\u00e7\u00e3o, expandem a mente e aumentam o nosso poder de atra\u00e7\u00e3o e magnetismo pessoal.<\/p>\n","protected":false},"featured_media":329,"comment_status":"open","ping_status":"closed","template":"","meta":[],"product_cat":[18,60],"product_tag":[],"class_list":["post-269","product","type-product","status-publish","has-post-thumbnail","hentry","product_cat-zen-spirit","product_cat-pedra"],"_links":{"self":[{"href":"https:\/\/institutogayatrispa.com.br\/loja\/wp-json\/wp\/v2\/product\/269","targetHints":{"allow":["GET"]}}],"collection":[{"href":"https:\/\/institutogayatrispa.com.br\/loja\/wp-json\/wp\/v2\/product"}],"about":[{"href":"https:\/\/institutogayatrispa.com.br\/loja\/wp-json\/wp\/v2\/types\/product"}],"replies":[{"embeddable":true,"href":"https:\/\/institutogayatrispa.com.br\/loja\/wp-json\/wp\/v2\/comments?post=269"}],"wp:featuredmedia":[{"embeddable":true,"href":"https:\/\/institutogayatrispa.com.br\/loja\/wp-json\/wp\/v2\/media\/329"}],"wp:attachment":[{"href":"https:\/\/institutogayatrispa.com.br\/loja\/wp-json\/wp\/v2\/media?parent=269"}],"wp:term":[{"taxonomy":"product_cat","embeddable":true,"href":"https:\/\/institutogayatrispa.com.br\/loja\/wp-json\/wp\/v2\/product_cat?post=269"},{"taxonomy":"product_tag","embeddable":true,"href":"https:\/\/institutogayatrispa.com.br\/loja\/wp-json\/wp\/v2\/product_tag?post=269"}],"curies":[{"name":"wp","href":"https:\/\/api.w.org\/{rel}","templated":true}]}}