{"id":270,"date":"2023-04-21T07:14:55","date_gmt":"2023-04-21T10:14:55","guid":{"rendered":"https:\/\/institutogayatrispa.com.br\/loja\/?post_type=product&#038;p=270"},"modified":"2023-07-25T16:48:36","modified_gmt":"2023-07-25T19:48:36","slug":"pedra-silicio-arco-iris","status":"publish","type":"product","link":"https:\/\/institutogayatrispa.com.br\/loja\/produto\/pedra-silicio-arco-iris\/","title":{"rendered":"Pedra Sil\u00edcio Arco-\u00edris"},"content":{"rendered":"<p> caracteriza como a fus\u00e3o de todos os chacras, \u00e9 um super energizador de ambientes. Favorece os relacionamentos familiares, estabiliza emo\u00e7\u00f5es e eleva a nossa espiritualidade. Ajuda a atrair prosperidade, sucesso e abund\u00e2ncia para o ambiente.<\/p>\n","protected":false},"excerpt":{"rendered":"<p>Energizador de ambientes. O Cristal Arco-Iris repele toda a negatividade, estimula a paz e o amor universal e irradia a energia de cura para o corpo e para o ambiente.<\/p>\n","protected":false},"featured_media":337,"comment_status":"open","ping_status":"closed","template":"","meta":[],"product_cat":[18,60],"product_tag":[],"class_list":["post-270","product","type-product","status-publish","has-post-thumbnail","hentry","product_cat-zen-spirit","product_cat-pedra"],"_links":{"self":[{"href":"https:\/\/institutogayatrispa.com.br\/loja\/wp-json\/wp\/v2\/product\/270","targetHints":{"allow":["GET"]}}],"collection":[{"href":"https:\/\/institutogayatrispa.com.br\/loja\/wp-json\/wp\/v2\/product"}],"about":[{"href":"https:\/\/institutogayatrispa.com.br\/loja\/wp-json\/wp\/v2\/types\/product"}],"replies":[{"embeddable":true,"href":"https:\/\/institutogayatrispa.com.br\/loja\/wp-json\/wp\/v2\/comments?post=270"}],"wp:featuredmedia":[{"embeddable":true,"href":"https:\/\/institutogayatrispa.com.br\/loja\/wp-json\/wp\/v2\/media\/337"}],"wp:attachment":[{"href":"https:\/\/institutogayatrispa.com.br\/loja\/wp-json\/wp\/v2\/media?parent=270"}],"wp:term":[{"taxonomy":"product_cat","embeddable":true,"href":"https:\/\/institutogayatrispa.com.br\/loja\/wp-json\/wp\/v2\/product_cat?post=270"},{"taxonomy":"product_tag","embeddable":true,"href":"https:\/\/institutogayatrispa.com.br\/loja\/wp-json\/wp\/v2\/product_tag?post=270"}],"curies":[{"name":"wp","href":"https:\/\/api.w.org\/{rel}","templated":true}]}}