{"id":286,"date":"2023-04-21T07:15:18","date_gmt":"2023-04-21T10:15:18","guid":{"rendered":"https:\/\/institutogayatrispa.com.br\/loja\/?post_type=product&#038;p=286"},"modified":"2023-10-04T17:06:00","modified_gmt":"2023-10-04T20:06:00","slug":"cristal-vassoura-de-bruxa-2","status":"publish","type":"product","link":"https:\/\/institutogayatrispa.com.br\/loja\/produto\/cristal-vassoura-de-bruxa-2\/","title":{"rendered":"Cristal Vassoura de Bruxa P"},"content":{"rendered":"<p>A Vassoura de Bruxa \u00e9 uma das mais eficientes e poderosas pedras de limpeza energ\u00e9tica. Elas purificam a Aura e eliminam as energias negativas dos ambientes.<br \/>Ela tamb\u00e9m nos ajuda a visualizar o Karma que est\u00e1 sendo criado pelas escolhas do presente, de modo ent\u00e3o a nos ajudar em nosso processo de evolu\u00e7\u00e3o espiritual.<br \/>Uma \u00f3tima pedra contra feiti\u00e7os e magia negra, bloqueia os feiti\u00e7os e os manda de volta.<\/p>\n","protected":false},"excerpt":{"rendered":"<p>A Vassoura de bruxa tem esse nome por seu formato, e por ser conhecida como uma pedra que faz o trabalho das \u201climpezas pesadas\u201d<br \/>Como j\u00e1 dito antes, \u00e9 uma pedra que \u00e9 excelente em limpeza, auxilia tanto no corpo f\u00edsico, quanto nos bloqueios mentais que dificultam o aprendizado<\/p>\n","protected":false},"featured_media":1061,"comment_status":"open","ping_status":"closed","template":"","meta":[],"product_cat":[60],"product_tag":[],"class_list":["post-286","product","type-product","status-publish","has-post-thumbnail","hentry","product_cat-pedra"],"_links":{"self":[{"href":"https:\/\/institutogayatrispa.com.br\/loja\/wp-json\/wp\/v2\/product\/286","targetHints":{"allow":["GET"]}}],"collection":[{"href":"https:\/\/institutogayatrispa.com.br\/loja\/wp-json\/wp\/v2\/product"}],"about":[{"href":"https:\/\/institutogayatrispa.com.br\/loja\/wp-json\/wp\/v2\/types\/product"}],"replies":[{"embeddable":true,"href":"https:\/\/institutogayatrispa.com.br\/loja\/wp-json\/wp\/v2\/comments?post=286"}],"wp:featuredmedia":[{"embeddable":true,"href":"https:\/\/institutogayatrispa.com.br\/loja\/wp-json\/wp\/v2\/media\/1061"}],"wp:attachment":[{"href":"https:\/\/institutogayatrispa.com.br\/loja\/wp-json\/wp\/v2\/media?parent=286"}],"wp:term":[{"taxonomy":"product_cat","embeddable":true,"href":"https:\/\/institutogayatrispa.com.br\/loja\/wp-json\/wp\/v2\/product_cat?post=286"},{"taxonomy":"product_tag","embeddable":true,"href":"https:\/\/institutogayatrispa.com.br\/loja\/wp-json\/wp\/v2\/product_tag?post=286"}],"curies":[{"name":"wp","href":"https:\/\/api.w.org\/{rel}","templated":true}]}}