{"id":288,"date":"2023-04-21T07:15:18","date_gmt":"2023-04-21T10:15:18","guid":{"rendered":"https:\/\/institutogayatrispa.com.br\/loja\/?post_type=product&#038;p=288"},"modified":"2023-07-25T16:48:37","modified_gmt":"2023-07-25T19:48:37","slug":"shiva-nataraja","status":"publish","type":"product","link":"https:\/\/institutogayatrispa.com.br\/loja\/produto\/shiva-nataraja\/","title":{"rendered":"Shiva Nataraja"},"content":{"rendered":"<p>Shiva \u00e9 uma das divindades mais conhecidas da cultura indiana. Tamb\u00e9m \u00e9 conhecido por outros nomes e formas como Mahadeva, Rudra, Shambho, Nataraja, entre outros que destacam diferentes aspectos simb\u00f3licos dessa face do Todo.<br \/>\nNataraja significa o rei da dan\u00e7a ou o senhor da dan\u00e7a c\u00f3smica e nomeia uma desafiadora e conhecida postura de equil\u00edbrio do yoga chamada de natarajasana.<br \/>\nEnquanto Nataraja, Shiva simboliza basicamente aquele por detr\u00e1s da dan\u00e7a c\u00f3smica de cria\u00e7\u00e3o, preserva\u00e7\u00e3o e destrui\u00e7\u00e3o que se manifesta tanto no micro como no macrocosmo.<\/p>\n","protected":false},"excerpt":{"rendered":"<p>O simbolismo de Shiva Nataraja envolve uma mescla original e profunda entre religiosidade, arte, fiolosofia e ci\u00eancia num esfor\u00e7o para explicar algo grandioso.<br \/>\nSua dan\u00e7a, chamada em s\u00e2nscrito de Tandava, retrata um ciclo cont\u00ednuo e eterno de cria\u00e7\u00e3o, preserva\u00e7\u00e3o e destrui\u00e7\u00e3o tanto do Universo como de seus elementos.<\/p>\n","protected":false},"featured_media":349,"comment_status":"open","ping_status":"closed","template":"","meta":[],"product_cat":[17,64],"product_tag":[],"class_list":["post-288","product","type-product","status-publish","has-post-thumbnail","hentry","product_cat-decor-home","product_cat-shiva-de-metal"],"_links":{"self":[{"href":"https:\/\/institutogayatrispa.com.br\/loja\/wp-json\/wp\/v2\/product\/288","targetHints":{"allow":["GET"]}}],"collection":[{"href":"https:\/\/institutogayatrispa.com.br\/loja\/wp-json\/wp\/v2\/product"}],"about":[{"href":"https:\/\/institutogayatrispa.com.br\/loja\/wp-json\/wp\/v2\/types\/product"}],"replies":[{"embeddable":true,"href":"https:\/\/institutogayatrispa.com.br\/loja\/wp-json\/wp\/v2\/comments?post=288"}],"wp:featuredmedia":[{"embeddable":true,"href":"https:\/\/institutogayatrispa.com.br\/loja\/wp-json\/wp\/v2\/media\/349"}],"wp:attachment":[{"href":"https:\/\/institutogayatrispa.com.br\/loja\/wp-json\/wp\/v2\/media?parent=288"}],"wp:term":[{"taxonomy":"product_cat","embeddable":true,"href":"https:\/\/institutogayatrispa.com.br\/loja\/wp-json\/wp\/v2\/product_cat?post=288"},{"taxonomy":"product_tag","embeddable":true,"href":"https:\/\/institutogayatrispa.com.br\/loja\/wp-json\/wp\/v2\/product_tag?post=288"}],"curies":[{"name":"wp","href":"https:\/\/api.w.org\/{rel}","templated":true}]}}