{"id":310,"date":"2023-04-21T07:15:45","date_gmt":"2023-04-21T10:15:45","guid":{"rendered":"https:\/\/institutogayatrispa.com.br\/loja\/?post_type=product&#038;p=310"},"modified":"2023-07-25T16:48:37","modified_gmt":"2023-07-25T19:48:37","slug":"incenso-dos-7-chakras","status":"publish","type":"product","link":"https:\/\/institutogayatrispa.com.br\/loja\/produto\/incenso-dos-7-chakras\/","title":{"rendered":"Incenso dos 7 Chakras"},"content":{"rendered":"<p>Elaborado com base no \u00f3leo essencial de l\u00f3tus, em p\u00f3 de s\u00e2ndalo vermelho e branco. Seu aroma \u00e9 ideal para quem sofre com o excesso de trabalho, alivia a fadiga, restaura a for\u00e7a ap\u00f3s o estresse nervoso e f\u00edsico. O aroma harmoniza o espa\u00e7o energ\u00e9tico das pessoas, aumenta a vitalidade e deixa a mente calma e clara.<br \/>\nPor atuar no campo energ\u00e9tico, tamb\u00e9m \u00e9 ideal para atendimentos de Reiki e outras terapias hol\u00edsticas. <\/p>\n<p>A ATIVA\u00c7\u00c3O E O ALINHAMENTO DOS CHAKRAS PERMITE A NOSSA ELEVA\u00c7\u00c3O ESPIRITUAL E FORTALECE A INTUI\u00c7\u00c3O, DESPERTANDO NOSSO EU SUPERIOR, AL\u00c9M DE MELHORAR A SA\u00daDE F\u00cdSICA, EMOCIONAL E ENERG\u00c9TICA.<\/p>\n","protected":false},"excerpt":{"rendered":"<p>&#8216;- Indicado para aromatizar templos, lares, escrit\u00f3rios e muitos outros ambientes;<br \/>\n&#8211; Produto original e de qualidade;<br \/>\n&#8211; Importado;<br \/>\n&#8211; Muito arom\u00e1tico.<\/p>\n","protected":false},"featured_media":362,"comment_status":"open","ping_status":"closed","template":"","meta":[],"product_cat":[18,67],"product_tag":[],"class_list":["post-310","product","type-product","status-publish","has-post-thumbnail","hentry","product_cat-zen-spirit","product_cat-incenso"],"_links":{"self":[{"href":"https:\/\/institutogayatrispa.com.br\/loja\/wp-json\/wp\/v2\/product\/310","targetHints":{"allow":["GET"]}}],"collection":[{"href":"https:\/\/institutogayatrispa.com.br\/loja\/wp-json\/wp\/v2\/product"}],"about":[{"href":"https:\/\/institutogayatrispa.com.br\/loja\/wp-json\/wp\/v2\/types\/product"}],"replies":[{"embeddable":true,"href":"https:\/\/institutogayatrispa.com.br\/loja\/wp-json\/wp\/v2\/comments?post=310"}],"wp:featuredmedia":[{"embeddable":true,"href":"https:\/\/institutogayatrispa.com.br\/loja\/wp-json\/wp\/v2\/media\/362"}],"wp:attachment":[{"href":"https:\/\/institutogayatrispa.com.br\/loja\/wp-json\/wp\/v2\/media?parent=310"}],"wp:term":[{"taxonomy":"product_cat","embeddable":true,"href":"https:\/\/institutogayatrispa.com.br\/loja\/wp-json\/wp\/v2\/product_cat?post=310"},{"taxonomy":"product_tag","embeddable":true,"href":"https:\/\/institutogayatrispa.com.br\/loja\/wp-json\/wp\/v2\/product_tag?post=310"}],"curies":[{"name":"wp","href":"https:\/\/api.w.org\/{rel}","templated":true}]}}