{"id":311,"date":"2023-04-21T07:15:45","date_gmt":"2023-04-21T10:15:45","guid":{"rendered":"https:\/\/institutogayatrispa.com.br\/loja\/?post_type=product&#038;p=311"},"modified":"2023-07-25T16:48:37","modified_gmt":"2023-07-25T19:48:37","slug":"mesa-indiana-redonda-entalhada","status":"publish","type":"product","link":"https:\/\/institutogayatrispa.com.br\/loja\/produto\/mesa-indiana-redonda-entalhada\/","title":{"rendered":"Mesa Indiana Redonda Entalhada"},"content":{"rendered":"<p>O refinamento da profus\u00e3o de detalhes das artes indianas se estende para o mobili\u00e1rio elevando seu car\u00e1ter utilit\u00e1rio ao de um objeto decorativo valioso.<br \/>\nA estrutura da mesa redonda de madeira entalhada \u00e9 a conflu\u00eancia dos estilos ingl\u00eas e indiano e apresenta acabamento com desenhos florais, arabescos e formas geom\u00e9tricas em design mourisco inspirado nos azulejos decorativos promovendo uma textura elegante com o baixo relevo e detalhes vazados.<\/p>\n<p>A est\u00e9tica anglo-indiana do s\u00e9culo XIX converte a mesinha de madeira teca, que pode ser utilizada como mesa lateral de apoio, em um mobili\u00e1rio central para construir uma decora\u00e7\u00e3o t\u00e3o exclusiva quanto a ess\u00eancia da arte isl\u00e2mica que personaliza esta pe\u00e7a desenvolvida por artes\u00e3os da \u00cdndia. Os detalhes bronze que decoram a superf\u00edcie da mesa artesanal com delicadeza agregam ainda mais valor \u00e0 esta pe\u00e7a \u00fanica capaz de transformar os menores espa\u00e7os com muita personalidade.<\/p>\n","protected":false},"excerpt":{"rendered":"<p>O refinamento da profus\u00e3o de detalhes das artes indianas se estende para o mobili\u00e1rio elevando seu car\u00e1ter utilit\u00e1rio ao de um objeto decorativo valioso.<\/p>\n","protected":false},"featured_media":364,"comment_status":"open","ping_status":"closed","template":"","meta":[],"product_cat":[17,68],"product_tag":[],"class_list":["post-311","product","type-product","status-publish","has-post-thumbnail","hentry","product_cat-decor-home","product_cat-mesas"],"_links":{"self":[{"href":"https:\/\/institutogayatrispa.com.br\/loja\/wp-json\/wp\/v2\/product\/311","targetHints":{"allow":["GET"]}}],"collection":[{"href":"https:\/\/institutogayatrispa.com.br\/loja\/wp-json\/wp\/v2\/product"}],"about":[{"href":"https:\/\/institutogayatrispa.com.br\/loja\/wp-json\/wp\/v2\/types\/product"}],"replies":[{"embeddable":true,"href":"https:\/\/institutogayatrispa.com.br\/loja\/wp-json\/wp\/v2\/comments?post=311"}],"wp:featuredmedia":[{"embeddable":true,"href":"https:\/\/institutogayatrispa.com.br\/loja\/wp-json\/wp\/v2\/media\/364"}],"wp:attachment":[{"href":"https:\/\/institutogayatrispa.com.br\/loja\/wp-json\/wp\/v2\/media?parent=311"}],"wp:term":[{"taxonomy":"product_cat","embeddable":true,"href":"https:\/\/institutogayatrispa.com.br\/loja\/wp-json\/wp\/v2\/product_cat?post=311"},{"taxonomy":"product_tag","embeddable":true,"href":"https:\/\/institutogayatrispa.com.br\/loja\/wp-json\/wp\/v2\/product_tag?post=311"}],"curies":[{"name":"wp","href":"https:\/\/api.w.org\/{rel}","templated":true}]}}