{"id":334,"date":"2023-04-21T07:16:07","date_gmt":"2023-04-21T10:16:07","guid":{"rendered":"https:\/\/institutogayatrispa.com.br\/loja\/?post_type=product&#038;p=334"},"modified":"2023-07-25T16:48:38","modified_gmt":"2023-07-25T19:48:38","slug":"cristal-paralelogramo","status":"publish","type":"product","link":"https:\/\/institutogayatrispa.com.br\/loja\/produto\/cristal-paralelogramo\/","title":{"rendered":"Cristal Paralelogramo"},"content":{"rendered":"<p>O quartzo amarelo clareia e concentra a mente, nos ajuda a tomar boas decis\u00f5es na vida. Ele dissipa a letargia, o que ajuda a aliviar a depress\u00e3o.<br \/>\nO quartzo amarelo est\u00e1 associado ao chakra do plexo solar para ajud\u00e1-lo a aprender com suas experi\u00eancias e a ganhar autoconfian\u00e7a. O amarelo como cor simboliza sabedoria, calor e alegria.<br \/>\nEssa variedade \u00e9 conhecida de forma errada como citrino. Ela varia em cor do amarelo p\u00e1lido ao amarelo-laranja ou ao laranja muito escuro.<br \/>\nA especialidade do quartzo amarelo, que \u00e9 uma pedra quente, solar, \u00e9 a de aquecer a energia e trazer o bem estar f\u00edsico e emocional.<br \/>\nLogo, por ser uma pedra ligada ao sol, tem a finalidade de revitalizar sua energia. Funciona muito bem em casos de cansa\u00e7o, des\u00e2nimo e tristeza.<br \/>\nPortanto, a energia dessa pedra promove a motiva\u00e7\u00e3o e tem uma liga\u00e7\u00e3o muito importante com a pr\u00e1tica de atividades f\u00edsicas. Por ter uma liga\u00e7\u00e3o com o plexo solar, ela tamb\u00e9m atua na limpeza dos \u00f3rg\u00e3os ligados ao sistema digestivo. Ou seja, motivos de sobra que mostram o porqu\u00ea de ela ser t\u00e3o especial.<\/p>\n","protected":false},"excerpt":{"rendered":"<p>O Quartzo Amarelo ativa e estimula o segundo Chakra, ampliando assim o fluxo de energia criativa. Ele \u00e9 capaz de combater ataques ps\u00edquicos e pode ser utilizado em terapias de vidas passadas, pois tem a capacidade de resgatar a alma e ajud\u00e1-la a resolver erros cometidos anteriormente. No corpo f\u00edsico este cristal especial ajuda a melhorar sensivelmente os casos de ansiedade e estresse.<\/p>\n","protected":false},"featured_media":374,"comment_status":"open","ping_status":"closed","template":"","meta":[],"product_cat":[18,58],"product_tag":[],"class_list":["post-334","product","type-product","status-publish","has-post-thumbnail","hentry","product_cat-zen-spirit","product_cat-cristais"],"_links":{"self":[{"href":"https:\/\/institutogayatrispa.com.br\/loja\/wp-json\/wp\/v2\/product\/334","targetHints":{"allow":["GET"]}}],"collection":[{"href":"https:\/\/institutogayatrispa.com.br\/loja\/wp-json\/wp\/v2\/product"}],"about":[{"href":"https:\/\/institutogayatrispa.com.br\/loja\/wp-json\/wp\/v2\/types\/product"}],"replies":[{"embeddable":true,"href":"https:\/\/institutogayatrispa.com.br\/loja\/wp-json\/wp\/v2\/comments?post=334"}],"wp:featuredmedia":[{"embeddable":true,"href":"https:\/\/institutogayatrispa.com.br\/loja\/wp-json\/wp\/v2\/media\/374"}],"wp:attachment":[{"href":"https:\/\/institutogayatrispa.com.br\/loja\/wp-json\/wp\/v2\/media?parent=334"}],"wp:term":[{"taxonomy":"product_cat","embeddable":true,"href":"https:\/\/institutogayatrispa.com.br\/loja\/wp-json\/wp\/v2\/product_cat?post=334"},{"taxonomy":"product_tag","embeddable":true,"href":"https:\/\/institutogayatrispa.com.br\/loja\/wp-json\/wp\/v2\/product_tag?post=334"}],"curies":[{"name":"wp","href":"https:\/\/api.w.org\/{rel}","templated":true}]}}