{"id":996,"date":"2023-10-04T10:44:13","date_gmt":"2023-10-04T13:44:13","guid":{"rendered":"https:\/\/institutogayatrispa.com.br\/loja\/produto\/manta-mandala-aveludada-2\/"},"modified":"2023-10-04T11:12:32","modified_gmt":"2023-10-04T14:12:32","slug":"manta-mandala-aveludada-2","status":"publish","type":"product","link":"https:\/\/institutogayatrispa.com.br\/loja\/produto\/manta-mandala-aveludada-2\/","title":{"rendered":"Manta Mandala Aveludada"},"content":{"rendered":"<p><span style=\"color: #252925;font-family: docs-Calibri;font-size: 13px;font-weight: bold;background-color: #d9d2e9\">Pode ser utilizada de v\u00e1rias formas: Sob uma mesa redonda, da vida a qualquer ambiente! Sob o sof\u00e1, garante uma vida nova ao seu ambiente! Sob a cama, ela vai ficar ainda mais aconchegante! Na parede, ela parece um quadro, e vai encantar a todos que chegarem! Em um gramado, \u00e9 \u00f3tima companhia para um pique-nique! Tamb\u00e9m \u00e9 \u00f3tima companheira para te proteger onde quer que resolva se sentar para ler um livro ou meditar! Saiba tudo a seu respeito, suas caracter\u00edsticas e qualidades! \u00c9 fabricada em um tecido aveludado DELICIOSO, com estamparia de alta defini\u00e7\u00e3o! Suas cores s\u00e3o vivas, e sua estampa \u00fanica \u00e9 feita com tinta a base d&#8217;\u00e1gua que n\u00e3o desbota com o uso e nem com lavagens! Com di\u00e2metro aproximado de 140cm, \u00e9 bem grandona, pra chamar bastante aten\u00e7\u00e3o e alegrar qualquer ambiente. Seu design, suas estampas e seus detalhes, foram cuidadosamente pensados e elaborados por um time de apaixonados pela vida, pelo amor, pelo yoga, medita\u00e7\u00e3o e decora\u00e7\u00e3o ZEN. Cuidados: Para me limpar, voc\u00ea pode lavar na m\u00e1quina, sem alvejante. Voc\u00ea ver\u00e1 como fica novinho em folha! N\u00e3o pode ficar exposta diretamente ao sol, por longos per\u00edodos de tempo! O sol pode desgastar o seu tecido e suas fibras e com o tempo, desbotar minha estampa. Em \u00e1rea externa, mantenha sob \u00e1reas cobertas com sombra! Composi\u00e7\u00e3o: Base aveludada em tecido sint\u00e9tico estampado.<\/span><\/p>\n","protected":false},"excerpt":{"rendered":"<p><span style=\"color: #008000;font-family: 'Google Sans Mono', 'Google Sans', Roboto, sans-serif;font-size: 12px;background-color: #ffffff\">Desenvolvido para te acompanhar em todos os lugares, e tamb\u00e9m para decorar e alegrar a sua casa, sala, quarto ou seu cantinho zen.<\/span><\/p>\n","protected":false},"featured_media":1016,"comment_status":"open","ping_status":"closed","template":"","meta":[],"product_cat":[17,22],"product_tag":[],"class_list":["post-996","product","type-product","status-publish","has-post-thumbnail","hentry","product_cat-decor-home","product_cat-mantas"],"_links":{"self":[{"href":"https:\/\/institutogayatrispa.com.br\/loja\/wp-json\/wp\/v2\/product\/996","targetHints":{"allow":["GET"]}}],"collection":[{"href":"https:\/\/institutogayatrispa.com.br\/loja\/wp-json\/wp\/v2\/product"}],"about":[{"href":"https:\/\/institutogayatrispa.com.br\/loja\/wp-json\/wp\/v2\/types\/product"}],"replies":[{"embeddable":true,"href":"https:\/\/institutogayatrispa.com.br\/loja\/wp-json\/wp\/v2\/comments?post=996"}],"wp:featuredmedia":[{"embeddable":true,"href":"https:\/\/institutogayatrispa.com.br\/loja\/wp-json\/wp\/v2\/media\/1016"}],"wp:attachment":[{"href":"https:\/\/institutogayatrispa.com.br\/loja\/wp-json\/wp\/v2\/media?parent=996"}],"wp:term":[{"taxonomy":"product_cat","embeddable":true,"href":"https:\/\/institutogayatrispa.com.br\/loja\/wp-json\/wp\/v2\/product_cat?post=996"},{"taxonomy":"product_tag","embeddable":true,"href":"https:\/\/institutogayatrispa.com.br\/loja\/wp-json\/wp\/v2\/product_tag?post=996"}],"curies":[{"name":"wp","href":"https:\/\/api.w.org\/{rel}","templated":true}]}}